{"id":3289,"date":"2024-02-10T16:01:29","date_gmt":"2024-02-10T13:01:29","guid":{"rendered":"https:\/\/samiras.com.tr\/begonvilla\/?page_id=3289"},"modified":"2025-01-16T09:30:06","modified_gmt":"2025-01-16T06:30:06","slug":"hakkimizda","status":"publish","type":"page","link":"https:\/\/samirasyapi.com\/begonvilla\/hakkimizda\/","title":{"rendered":"Hakk\u0131m\u0131zda"},"content":{"rendered":"[vc_row type=&#8221;full_width_content&#8221; full_screen_row_position=&#8221;middle&#8221; column_margin=&#8221;default&#8221; equal_height=&#8221;yes&#8221; content_placement=&#8221;middle&#8221; column_direction=&#8221;default&#8221; column_direction_tablet=&#8221;default&#8221; column_direction_phone=&#8221;default&#8221; bg_image=&#8221;3312&#8243; bg_position=&#8221;left top&#8221; background_image_loading=&#8221;default&#8221; bg_repeat=&#8221;no-repeat&#8221; scene_position=&#8221;center&#8221; top_padding=&#8221;30&#8243; constrain_group_1=&#8221;yes&#8221; bottom_padding=&#8221;30&#8243; left_padding_tablet=&#8221;8%&#8221; constrain_group_4=&#8221;yes&#8221; right_padding_tablet=&#8221;8%&#8221; text_color=&#8221;dark&#8221; text_align=&#8221;left&#8221; row_border_radius=&#8221;none&#8221; row_border_radius_applies=&#8221;bg&#8221; overflow=&#8221;visible&#8221; advanced_gradient_angle=&#8221;0&#8243; overlay_strength=&#8221;0.3&#8243; gradient_direction=&#8221;left_to_right&#8221; shape_divider_position=&#8221;bottom&#8221; bg_image_animation=&#8221;none&#8221; gradient_type=&#8221;default&#8221; shape_type=&#8221;&#8221;][vc_column column_padding=&#8221;padding-9-percent&#8221; column_padding_tablet=&#8221;no-extra-padding&#8221; column_padding_phone=&#8221;no-extra-padding&#8221; column_padding_position=&#8221;left-right&#8221; column_element_direction_desktop=&#8221;default&#8221; column_element_spacing=&#8221;default&#8221; desktop_text_alignment=&#8221;default&#8221; tablet_text_alignment=&#8221;default&#8221; phone_text_alignment=&#8221;default&#8221; background_color_opacity=&#8221;1&#8243; background_hover_color_opacity=&#8221;1&#8243; column_backdrop_filter=&#8221;none&#8221; column_shadow=&#8221;none&#8221; column_border_radius=&#8221;none&#8221; column_link_target=&#8221;_self&#8221; column_position=&#8221;default&#8221; advanced_gradient_angle=&#8221;0&#8243; gradient_direction=&#8221;left_to_right&#8221; overlay_strength=&#8221;0.3&#8243; width=&#8221;1\/2&#8243; tablet_width_inherit=&#8221;default&#8221; animation_type=&#8221;default&#8221; bg_image_animation=&#8221;none&#8221; border_type=&#8221;simple&#8221; column_border_width=&#8221;none&#8221; column_border_style=&#8221;solid&#8221; gradient_type=&#8221;default&#8221; column_padding_type=&#8221;default&#8221;][divider line_type=&#8221;No Line&#8221; custom_height=&#8221;30&#8243;][vc_row_inner column_margin=&#8221;none&#8221; column_direction=&#8221;default&#8221; column_direction_tablet=&#8221;default&#8221; column_direction_phone=&#8221;default&#8221; bottom_padding=&#8221;10&#8243; top_padding_tablet=&#8221;7%&#8221; text_align=&#8221;left&#8221; row_position=&#8221;default&#8221; row_position_tablet=&#8221;inherit&#8221; row_position_phone=&#8221;inherit&#8221; overflow=&#8221;visible&#8221; pointer_events=&#8221;all&#8221;][vc_column_inner column_padding=&#8221;no-extra-padding&#8221; column_padding_tablet=&#8221;inherit&#8221; column_padding_phone=&#8221;inherit&#8221; column_padding_position=&#8221;all&#8221; column_element_direction_desktop=&#8221;default&#8221; column_element_spacing=&#8221;default&#8221; desktop_text_alignment=&#8221;default&#8221; tablet_text_alignment=&#8221;default&#8221; phone_text_alignment=&#8221;default&#8221; background_color_opacity=&#8221;1&#8243; background_hover_color_opacity=&#8221;1&#8243; column_backdrop_filter=&#8221;none&#8221; column_shadow=&#8221;none&#8221; column_border_radius=&#8221;none&#8221; column_link_target=&#8221;_self&#8221; overflow=&#8221;visible&#8221; gradient_direction=&#8221;left_to_right&#8221; overlay_strength=&#8221;0.3&#8243; width=&#8221;1\/1&#8243; tablet_width_inherit=&#8221;default&#8221; animation_type=&#8221;default&#8221; bg_image_animation=&#8221;none&#8221; border_type=&#8221;simple&#8221; column_border_width=&#8221;none&#8221; column_border_style=&#8221;solid&#8221; gradient_type=&#8221;default&#8221; column_padding_type=&#8221;default&#8221;][vc_column_text]\n<p>B\u0130Z K\u0130M\u0130Z ?<\/p>\n[\/vc_column_text][\/vc_column_inner][\/vc_row_inner][nectar_highlighted_text text_color=&#8221;#1a3e6d&#8221; scribble_color=&#8221;#bf017e&#8221; style=&#8221;scribble&#8221; scribble_shape=&#8221;squiggle-underline&#8221; scribble_thickness=&#8221;thin&#8221; scribble_speed=&#8221;1.8s&#8221; scribble_easing=&#8221;ease_in_out&#8221; custom_font_size=&#8221;2vw&#8221; text_direction=&#8221;default&#8221;]\n<h3>Begon Villa Kuyuluk <em>Hakk\u0131nda<\/em><\/h3>\n[\/nectar_highlighted_text][divider line_type=&#8221;No Line&#8221; custom_height=&#8221;20&#8243;][vc_row_inner column_margin=&#8221;none&#8221; column_direction=&#8221;default&#8221; column_direction_tablet=&#8221;default&#8221; column_direction_phone=&#8221;default&#8221; text_align=&#8221;left&#8221; row_position=&#8221;default&#8221; row_position_tablet=&#8221;inherit&#8221; row_position_phone=&#8221;inherit&#8221; overflow=&#8221;visible&#8221; pointer_events=&#8221;all&#8221;][vc_column_inner column_padding=&#8221;no-extra-padding&#8221; column_padding_tablet=&#8221;inherit&#8221; column_padding_phone=&#8221;inherit&#8221; column_padding_position=&#8221;all&#8221; column_element_direction_desktop=&#8221;default&#8221; column_element_spacing=&#8221;default&#8221; desktop_text_alignment=&#8221;default&#8221; tablet_text_alignment=&#8221;default&#8221; phone_text_alignment=&#8221;default&#8221; background_color_opacity=&#8221;1&#8243; background_hover_color_opacity=&#8221;1&#8243; column_backdrop_filter=&#8221;none&#8221; column_shadow=&#8221;none&#8221; column_border_radius=&#8221;none&#8221; column_link_target=&#8221;_self&#8221; overflow=&#8221;visible&#8221; gradient_direction=&#8221;left_to_right&#8221; overlay_strength=&#8221;0.3&#8243; width=&#8221;1\/1&#8243; tablet_width_inherit=&#8221;default&#8221; animation_type=&#8221;default&#8221; bg_image_animation=&#8221;none&#8221; border_type=&#8221;simple&#8221; column_border_width=&#8221;none&#8221; column_border_style=&#8221;solid&#8221; gradient_type=&#8221;default&#8221; column_padding_type=&#8221;default&#8221;][vc_column_text text_direction=&#8221;default&#8221;]Modern, Konfor ve Ayr\u0131cal\u0131kl\u0131 Ya\u015fam \u0130\u00e7in: Begon Villa Kuyuluk<br \/>\nHayalinizdeki ya\u015fam\u0131 sizin i\u00e7in in\u015fa ettik! \u0130\u015fte kar\u015f\u0131n\u0131zda, \u015fehrin karma\u015fas\u0131ndan uzakta sakin ve huzurlu bir ya\u015fam vaat eden Begon Villa Kuyuluk. E\u015fsiz mimarisi ve ayr\u0131cal\u0131kl\u0131 olanaklar\u0131yla size ve sevdiklerinize huzurlu bir ya\u015fam sunuyor.<\/p>\n<p>Her biri 267 metrekarelik geni\u015f bir alana sahip olan projede toplam 10 adet tripleks villaya yer verilmi\u015ftir. Her daire, 4+1 \u015feklinde donat\u0131lm\u0131\u015f olup, tripleks olarak tasarlanm\u0131\u015ft\u0131r. Bu sayede ferah ve \u00f6zel bir ya\u015fam alan\u0131na sahip olman\u0131z\u0131 sa\u011fl\u0131yoruz.[\/vc_column_text][\/vc_column_inner][\/vc_row_inner][divider line_type=&#8221;No Line&#8221; custom_height=&#8221;20&#8243;][\/vc_column][vc_column column_padding=&#8221;no-extra-padding&#8221; column_padding_tablet=&#8221;inherit&#8221; column_padding_phone=&#8221;inherit&#8221; column_padding_position=&#8221;all&#8221; column_element_direction_desktop=&#8221;default&#8221; column_element_spacing=&#8221;0px&#8221; desktop_text_alignment=&#8221;default&#8221; tablet_text_alignment=&#8221;default&#8221; phone_text_alignment=&#8221;default&#8221; background_color_opacity=&#8221;1&#8243; background_hover_color_opacity=&#8221;1&#8243; column_backdrop_filter=&#8221;none&#8221; column_shadow=&#8221;none&#8221; column_border_radius=&#8221;none&#8221; column_link_target=&#8221;_self&#8221; column_position=&#8221;default&#8221; gradient_direction=&#8221;left_to_right&#8221; overlay_strength=&#8221;0.3&#8243; width=&#8221;1\/2&#8243; tablet_width_inherit=&#8221;default&#8221; animation_type=&#8221;default&#8221; bg_image_animation=&#8221;none&#8221; border_type=&#8221;simple&#8221; column_border_width=&#8221;none&#8221; column_border_style=&#8221;solid&#8221; gradient_type=&#8221;default&#8221;][image_with_animation image_url=&#8221;3295&#8243; image_size=&#8221;full&#8221; animation_type=&#8221;entrance&#8221; animation=&#8221;None&#8221; animation_movement_type=&#8221;transform_y&#8221; hover_animation=&#8221;none&#8221; alignment=&#8221;&#8221; border_radius=&#8221;15px&#8221; box_shadow=&#8221;none&#8221; image_loading=&#8221;default&#8221; max_width=&#8221;100%&#8221; max_width_mobile=&#8221;default&#8221;][\/vc_column][\/vc_row][vc_row type=&#8221;full_width_content&#8221; full_screen_row_position=&#8221;middle&#8221; column_margin=&#8221;default&#8221; column_direction=&#8221;default&#8221; column_direction_tablet=&#8221;default&#8221; column_direction_phone=&#8221;default&#8221; bg_color=&#8221;#f7f7f7&#8243; scene_position=&#8221;center&#8221; top_padding=&#8221;50&#8243; constrain_group_1=&#8221;yes&#8221; bottom_padding=&#8221;50&#8243; left_padding_tablet=&#8221;8%&#8221; constrain_group_4=&#8221;yes&#8221; right_padding_tablet=&#8221;8%&#8221; text_color=&#8221;dark&#8221; text_align=&#8221;left&#8221; row_border_radius=&#8221;none&#8221; row_border_radius_applies=&#8221;bg&#8221; overflow=&#8221;visible&#8221; advanced_gradient_angle=&#8221;0&#8243; overlay_strength=&#8221;0.3&#8243; gradient_direction=&#8221;left_to_right&#8221; shape_divider_position=&#8221;bottom&#8221; bg_image_animation=&#8221;none&#8221; gradient_type=&#8221;default&#8221; shape_type=&#8221;&#8221;][vc_column column_padding=&#8221;padding-9-percent&#8221; column_padding_tablet=&#8221;no-extra-padding&#8221; column_padding_phone=&#8221;no-extra-padding&#8221; column_padding_position=&#8221;left-right&#8221; column_element_direction_desktop=&#8221;default&#8221; column_element_spacing=&#8221;default&#8221; desktop_text_alignment=&#8221;default&#8221; tablet_text_alignment=&#8221;default&#8221; phone_text_alignment=&#8221;default&#8221; background_color_opacity=&#8221;1&#8243; background_hover_color_opacity=&#8221;1&#8243; column_backdrop_filter=&#8221;none&#8221; column_shadow=&#8221;none&#8221; column_border_radius=&#8221;none&#8221; column_link_target=&#8221;_self&#8221; column_position=&#8221;default&#8221; advanced_gradient_angle=&#8221;0&#8243; gradient_direction=&#8221;left_to_right&#8221; overlay_strength=&#8221;0.3&#8243; width=&#8221;1\/1&#8243; tablet_width_inherit=&#8221;default&#8221; animation_type=&#8221;default&#8221; bg_image_animation=&#8221;none&#8221; border_type=&#8221;simple&#8221; column_border_width=&#8221;none&#8221; column_border_style=&#8221;solid&#8221; gradient_type=&#8221;default&#8221; column_padding_type=&#8221;default&#8221;][nectar_highlighted_text color_type=&#8221;gradient&#8221; highlight_color=&#8221;#9ebee7&#8243; secondary_color=&#8221;#dcf0ff&#8221; style=&#8221;full_text&#8221; highlight_expansion=&#8221;default&#8221; custom_font_size=&#8221;2vw&#8221;]\n<p>Vizyonumuz<\/p>\n[\/nectar_highlighted_text][vc_column_text]Hizmet ve \u00fcr\u00fcn kalitesiyle t\u00fcketicinin birinci tercihi olarak s\u00fcreklili\u011fi sa\u011flamak ve Mersin\u2019den t\u00fcm \u00fclkemize a\u00e7\u0131lan bir konfor kap\u0131s\u0131 olu\u015fturmak.[\/vc_column_text][divider line_type=&#8221;Full Width Line&#8221; line_thickness=&#8221;1&#8243; divider_color=&#8221;black&#8221; animate=&#8221;yes&#8221; custom_height=&#8221;45&#8243;][nectar_highlighted_text color_type=&#8221;gradient&#8221; highlight_color=&#8221;#9ebee7&#8243; secondary_color=&#8221;#dcf0ff&#8221; style=&#8221;full_text&#8221; highlight_expansion=&#8221;default&#8221; custom_font_size=&#8221;2vw&#8221;]\n<p>Misyonumuz<\/p>\n[\/nectar_highlighted_text][vc_column_text]Faaliyette bulundu\u011fumuz sekt\u00f6rlerde; bireye ve topluma, hukuka ve ekonomik ilkelere ba\u011fl\u0131 kalarak \u00e7evreye duyarl\u0131 i\u015fler yapmak ve t\u00fcketicilerimizin beklentilerini en \u00fcst seviyede kar\u015f\u0131lamak.[\/vc_column_text][\/vc_column][\/vc_row]\n","protected":false},"excerpt":{"rendered":"<p>[vc_row type=&#8221;full_width_content&#8221; full_screen_row_position=&#8221;middle&#8221; column_margin=&#8221;default&#8221; equal_height=&#8221;yes&#8221; content_placement=&#8221;middle&#8221; column_direction=&#8221;default&#8221; column_direction_tablet=&#8221;default&#8221; column_direction_phone=&#8221;default&#8221; bg_image=&#8221;3312&#8243; bg_position=&#8221;left top&#8221; background_image_loading=&#8221;default&#8221; bg_repeat=&#8221;no-repeat&#8221; scene_position=&#8221;center&#8221; top_padding=&#8221;30&#8243; constrain_group_1=&#8221;yes&#8221; bottom_padding=&#8221;30&#8243; left_padding_tablet=&#8221;8%&#8221; constrain_group_4=&#8221;yes&#8221; right_padding_tablet=&#8221;8%&#8221; text_color=&#8221;dark&#8221; text_align=&#8221;left&#8221; row_border_radius=&#8221;none&#8221; row_border_radius_applies=&#8221;bg&#8221; overflow=&#8221;visible&#8221; advanced_gradient_angle=&#8221;0&#8243; overlay_strength=&#8221;0.3&#8243; gradient_direction=&#8221;left_to_right&#8221; shape_divider_position=&#8221;bottom&#8221;&#8230;<\/p>\n","protected":false},"author":1,"featured_media":0,"parent":0,"menu_order":0,"comment_status":"closed","ping_status":"closed","template":"","meta":{"footnotes":""},"class_list":["post-3289","page","type-page","status-publish"],"_links":{"self":[{"href":"https:\/\/samirasyapi.com\/begonvilla\/wp-json\/wp\/v2\/pages\/3289","targetHints":{"allow":["GET"]}}],"collection":[{"href":"https:\/\/samirasyapi.com\/begonvilla\/wp-json\/wp\/v2\/pages"}],"about":[{"href":"https:\/\/samirasyapi.com\/begonvilla\/wp-json\/wp\/v2\/types\/page"}],"author":[{"embeddable":true,"href":"https:\/\/samirasyapi.com\/begonvilla\/wp-json\/wp\/v2\/users\/1"}],"replies":[{"embeddable":true,"href":"https:\/\/samirasyapi.com\/begonvilla\/wp-json\/wp\/v2\/comments?post=3289"}],"version-history":[{"count":18,"href":"https:\/\/samirasyapi.com\/begonvilla\/wp-json\/wp\/v2\/pages\/3289\/revisions"}],"predecessor-version":[{"id":3495,"href":"https:\/\/samirasyapi.com\/begonvilla\/wp-json\/wp\/v2\/pages\/3289\/revisions\/3495"}],"wp:attachment":[{"href":"https:\/\/samirasyapi.com\/begonvilla\/wp-json\/wp\/v2\/media?parent=3289"}],"curies":[{"name":"wp","href":"https:\/\/api.w.org\/{rel}","templated":true}]}}