{"id":487,"date":"2022-07-22T11:48:05","date_gmt":"2022-07-22T08:48:05","guid":{"rendered":"https:\/\/samiras.com.tr\/?page_id=487"},"modified":"2024-03-21T10:14:16","modified_gmt":"2024-03-21T07:14:16","slug":"iletisim","status":"publish","type":"page","link":"https:\/\/samirasyapi.com\/samirasimaj\/ru\/iletisim\/","title":{"rendered":"\u0130leti\u015fim"},"content":{"rendered":"<div id=\"fws_69e220cd0dede\"  data-column-margin=\"default\" data-midnight=\"dark\"  class=\"wpb_row vc_row-fluid vc_row full-width-content vc_row-o-equal-height vc_row-flex vc_row-o-content-top\"  style=\"padding-top: 0px; padding-bottom: 0px; \"><div class=\"row-bg-wrap\" data-bg-animation=\"none\" data-bg-overlay=\"false\"><div class=\"inner-wrap\"><div class=\"row-bg viewport-desktop\"  style=\"\"><\/div><\/div><\/div><div class=\"row_col_wrap_12 col span_12 dark left\">\n\t<div  class=\"vc_col-sm-12 wpb_column column_container vc_column_container col no-extra-padding inherit_tablet inherit_phone\"  data-padding-pos=\"all\" data-has-bg-color=\"false\" data-bg-color=\"\" data-bg-opacity=\"1\" data-animation=\"\" data-delay=\"0\" >\n\t\t<div class=\"vc_column-inner\" >\n\t\t\t<div class=\"wpb_wrapper\">\n\t\t\t\t\n<div class=\"wpb_text_column wpb_content_element\" >\n\t<div class=\"wpb_wrapper\">\n\t\t<p><iframe loading=\"lazy\" style=\"border: 0;\" src=\"https:\/\/www.google.com\/maps\/embed?pb=!1m18!1m12!1m3!1d3200.170501006618!2d34.42575497650386!3d36.670401372284466!2m3!1f0!2f0!3f0!3m2!1i1024!2i768!4f13.1!3m3!1m2!1s0x14d8793ad391af77%3A0x536ac1954ac3de24!2zU2FtaXJhcyDEsG1haiDDh2XFn21lbGk!5e0!3m2!1str!2str!4v1711005230869!5m2!1str!2str\" width=\"1900\" height=\"300\" allowfullscreen=\"allowfullscreen\"><\/iframe><\/p>\n\t<\/div>\n<\/div>\n\n\n\n\n\t\t\t<\/div> \n\t\t<\/div>\n\t<\/div> \n<\/div><\/div>\n\t\t<div id=\"fws_69e220cd0e8af\"  data-column-margin=\"default\" data-midnight=\"dark\"  class=\"wpb_row vc_row-fluid vc_row\"  style=\"padding-top: 0px; padding-bottom: 0px; \"><div class=\"row-bg-wrap\" data-bg-animation=\"none\" data-bg-overlay=\"false\"><div class=\"inner-wrap\"><div class=\"row-bg viewport-desktop\"  style=\"\"><\/div><\/div><\/div><div class=\"row_col_wrap_12 col span_12 dark left\">\n\t<div  class=\"vc_col-sm-6 wpb_column column_container vc_column_container col boxed padding-5-percent inherit_tablet inherit_phone\"  data-border-radius=\"15px\" data-shadow=\"small_depth\" data-padding-pos=\"all\" data-has-bg-color=\"false\" data-bg-color=\"\" data-bg-opacity=\"1\" data-animation=\"\" data-delay=\"0\" >\n\t\t<div class=\"vc_column-inner\" ><div class=\"column-bg-overlay-wrap column-bg-layer\" data-bg-animation=\"none\"><div class=\"column-bg-overlay\"><\/div><\/div>\n\t\t\t<div class=\"wpb_wrapper\">\n\t\t\t\t<h3 style=\"color: #254634;text-align: left\" class=\"vc_custom_heading\" >\u0424\u043e\u0440\u043c\u0430 \u0434\u043b\u044f \u043e\u0431\u0440\u0430\u0442\u043d\u043e\u0439 \u0441\u0432\u044f\u0437\u0438<\/h3><div class=\"divider-wrap\" data-alignment=\"default\"><div style=\"height: 20px;\" class=\"divider\"><\/div><\/div>\n<div class=\"wpcf7 no-js\" id=\"wpcf7-f490-o1\" lang=\"tr-TR\" dir=\"ltr\" data-wpcf7-id=\"490\">\n<div class=\"screen-reader-response\"><p role=\"status\" aria-live=\"polite\" aria-atomic=\"true\"><\/p> <ul><\/ul><\/div>\n<form action=\"\/samirasimaj\/ru\/wp-json\/wp\/v2\/pages\/487#wpcf7-f490-o1\" method=\"post\" class=\"wpcf7-form init\" aria-label=\"\u0130leti\u015fim Formu\" novalidate=\"novalidate\" data-status=\"init\" data-trp-original-action=\"\/samirasimaj\/ru\/wp-json\/wp\/v2\/pages\/487#wpcf7-f490-o1\">\n<div style=\"display: none;\">\n<input type=\"hidden\" name=\"_wpcf7\" value=\"490\" \/>\n<input type=\"hidden\" name=\"_wpcf7_version\" value=\"6.0.3\" \/>\n<input type=\"hidden\" name=\"_wpcf7_locale\" value=\"tr_TR\" \/>\n<input type=\"hidden\" name=\"_wpcf7_unit_tag\" value=\"wpcf7-f490-o1\" \/>\n<input type=\"hidden\" name=\"_wpcf7_container_post\" value=\"0\" \/>\n<input type=\"hidden\" name=\"_wpcf7_posted_data_hash\" value=\"\" \/>\n<\/div>\n<p><label> \u0412\u0430\u0448\u0435 \u0438\u043c\u044f<br \/>\n<span class=\"wpcf7-form-control-wrap\" data-name=\"your-name\"><input size=\"40\" maxlength=\"400\" class=\"wpcf7-form-control wpcf7-text wpcf7-validates-as-required\" aria-required=\"true\" aria-invalid=\"false\" value=\"\" type=\"text\" name=\"your-name\" \/><\/span> <\/label>\n<\/p>\n<p><label> \u0410\u0434\u0440\u0435\u0441 \u0432\u0430\u0448\u0435\u0439 \u044d\u043b\u0435\u043a\u0442\u0440\u043e\u043d\u043d\u043e\u0439 \u043f\u043e\u0447\u0442\u044b<br \/>\n<span class=\"wpcf7-form-control-wrap\" data-name=\"your-email\"><input size=\"40\" maxlength=\"400\" class=\"wpcf7-form-control wpcf7-email wpcf7-validates-as-required wpcf7-text wpcf7-validates-as-email\" aria-required=\"true\" aria-invalid=\"false\" value=\"\" type=\"email\" name=\"your-email\" \/><\/span> <\/label>\n<\/p>\n<p><label> \u0422\u0435\u043c\u0430<br \/>\n<span class=\"wpcf7-form-control-wrap\" data-name=\"your-subject\"><input size=\"40\" maxlength=\"400\" class=\"wpcf7-form-control wpcf7-text wpcf7-validates-as-required\" aria-required=\"true\" aria-invalid=\"false\" value=\"\" type=\"text\" name=\"your-subject\" \/><\/span> <\/label>\n<\/p>\n<p><label> \u0412\u0430\u0448\u0435 \u0441\u043e\u043e\u0431\u0449\u0435\u043d\u0438\u0435 (\u043f\u043e \u0436\u0435\u043b\u0430\u043d\u0438\u044e)<br \/>\n<span class=\"wpcf7-form-control-wrap\" data-name=\"your-message\"><textarea cols=\"40\" rows=\"10\" maxlength=\"2000\" class=\"wpcf7-form-control wpcf7-textarea\" aria-invalid=\"false\" name=\"your-message\"><\/textarea><\/span> <\/label>\n<\/p>\n<p><input class=\"wpcf7-form-control wpcf7-submit has-spinner\" type=\"submit\" value=\"\u041e\u0442\u043f\u0440\u0430\u0432\u0438\u0442\u044c\" \/>\n<\/p><div class=\"wpcf7-response-output\" aria-hidden=\"true\"><\/div>\n<input type=\"hidden\" name=\"trp-form-language\" value=\"ru\"\/><\/form>\n<\/div>\n\n\t\t\t<\/div> \n\t\t<\/div>\n\t<\/div> \n\n\t<div  class=\"vc_col-sm-6 wpb_column column_container vc_column_container col padding-5-percent inherit_tablet inherit_phone\"  data-border-radius=\"15px\" data-shadow=\"small_depth\" data-padding-pos=\"all\" data-has-bg-color=\"false\" data-bg-color=\"\" data-bg-opacity=\"1\" data-animation=\"\" data-delay=\"0\" >\n\t\t<div class=\"vc_column-inner\" ><div class=\"column-bg-overlay-wrap column-bg-layer\" data-bg-animation=\"none\"><div class=\"column-bg-overlay\"><\/div><\/div>\n\t\t\t<div class=\"wpb_wrapper\">\n\t\t\t\t<h3 style=\"color: #254634;text-align: left\" class=\"vc_custom_heading\" >\u041a\u043e\u043d\u0442\u0430\u043a\u0442\u044b<\/h3><div class=\"divider-wrap\" data-alignment=\"default\"><div style=\"height: 20px;\" class=\"divider\"><\/div><\/div>\n<div class=\"wpb_text_column wpb_content_element\" >\n\t<div class=\"wpb_wrapper\">\n\t\t<p><i class=\"icon-map-marker\"><\/i>\u00a0<strong>\u0430\u0434\u0440\u0435\u0441:<\/strong> \u0440\u0430\u0439\u043e\u043d \u0427\u0435\u0448\u043c\u0435\u043b\u0438, \u041f\u043b\u044f\u0436 46 \u0410\/1 \u042d\u0440\u0434\u0435\u043c\u043b\u0438 - <strong>\u041c\u0435\u0440\u0441\u0438\u043d<\/strong><br \/>\n<i class=\"icon-phone\"><\/i>\u00a0<strong>\u0442\u0435\u043b\u0435\u0444\u043e\u043d:<\/strong> +90 533 240 99 99<br \/>\n<i class=\"icon-phone\"><\/i>\u00a0<strong>\u0442\u0435\u043b\u0435\u0444\u043e\u043d:<\/strong> +90 850 441 09 99<br \/>\n<i class=\"icon-envelope\"><\/i>\u00a0<strong>\u044d\u043b\u0435\u043a\u0442\u0440\u043e\u043d\u043d\u0430\u044f \u043f\u043e\u0447\u0442\u0430:<\/strong> satis@samiras.com.tr<\/p>\n\t<\/div>\n<\/div>\n\n\n\n<div class=\"img-with-aniamtion-wrap\" data-max-width=\"100%\" data-max-width-mobile=\"default\" data-shadow=\"none\" data-animation=\"fade-in\" >\n      <div class=\"inner\">\n        <div class=\"hover-wrap\"> \n          <div class=\"hover-wrap-inner\">\n            <img loading=\"lazy\" decoding=\"async\" class=\"img-with-animation skip-lazy\" data-delay=\"0\" height=\"1256\" width=\"2560\" data-animation=\"fade-in\" src=\"https:\/\/samirasyapi.com\/samirasimaj\/wp-content\/uploads\/2022\/07\/samirasx-scaled.jpg\" alt=\"\" srcset=\"https:\/\/samirasyapi.com\/samirasimaj\/wp-content\/uploads\/2022\/07\/samirasx-scaled.jpg 2560w, https:\/\/samirasyapi.com\/samirasimaj\/wp-content\/uploads\/2022\/07\/samirasx-300x147.jpg 300w, https:\/\/samirasyapi.com\/samirasimaj\/wp-content\/uploads\/2022\/07\/samirasx-1024x502.jpg 1024w, https:\/\/samirasyapi.com\/samirasimaj\/wp-content\/uploads\/2022\/07\/samirasx-768x377.jpg 768w, https:\/\/samirasyapi.com\/samirasimaj\/wp-content\/uploads\/2022\/07\/samirasx-1536x754.jpg 1536w, https:\/\/samirasyapi.com\/samirasimaj\/wp-content\/uploads\/2022\/07\/samirasx-2048x1005.jpg 2048w\" sizes=\"auto, (max-width: 2560px) 100vw, 2560px\" \/>\n          <\/div>\n        <\/div>\n      <\/div>\n    <\/div>\n\t\t\t<\/div> \n\t\t<\/div>\n\t<\/div> \n<\/div><\/div>","protected":false},"excerpt":{"rendered":"\u0130LET\u0130\u015e\u0130M FORMU Ad\u0131n\u0131z E-posta adresiniz Konu \u0130letiniz (tercihe ba\u011fl\u0131) \u0130LET\u0130\u015e\u0130M B\u0130LG\u0130LER\u0130 \u00a0Adres : \u00c7e\u015fmeli Mah. Plaj 46 A\/1 Erdemli - MERS\u0130N \u00a0Telefon : +90 533 240 99 99 \u00a0Telefon :...","protected":false},"author":1,"featured_media":0,"parent":0,"menu_order":0,"comment_status":"closed","ping_status":"closed","template":"","meta":{"footnotes":""},"class_list":["post-487","page","type-page","status-publish"],"_links":{"self":[{"href":"https:\/\/samirasyapi.com\/samirasimaj\/ru\/wp-json\/wp\/v2\/pages\/487","targetHints":{"allow":["GET"]}}],"collection":[{"href":"https:\/\/samirasyapi.com\/samirasimaj\/ru\/wp-json\/wp\/v2\/pages"}],"about":[{"href":"https:\/\/samirasyapi.com\/samirasimaj\/ru\/wp-json\/wp\/v2\/types\/page"}],"author":[{"embeddable":true,"href":"https:\/\/samirasyapi.com\/samirasimaj\/ru\/wp-json\/wp\/v2\/users\/1"}],"replies":[{"embeddable":true,"href":"https:\/\/samirasyapi.com\/samirasimaj\/ru\/wp-json\/wp\/v2\/comments?post=487"}],"version-history":[{"count":3,"href":"https:\/\/samirasyapi.com\/samirasimaj\/ru\/wp-json\/wp\/v2\/pages\/487\/revisions"}],"predecessor-version":[{"id":927,"href":"https:\/\/samirasyapi.com\/samirasimaj\/ru\/wp-json\/wp\/v2\/pages\/487\/revisions\/927"}],"wp:attachment":[{"href":"https:\/\/samirasyapi.com\/samirasimaj\/ru\/wp-json\/wp\/v2\/media?parent=487"}],"curies":[{"name":"wp","href":"https:\/\/api.w.org\/{rel}","templated":true}]}}