{"id":731,"date":"2022-08-01T12:00:16","date_gmt":"2022-08-01T09:00:16","guid":{"rendered":"https:\/\/samiras.com.tr\/?page_id=731"},"modified":"2022-10-05T14:14:50","modified_gmt":"2022-10-05T11:14:50","slug":"konum","status":"publish","type":"page","link":"https:\/\/samirasyapi.com\/samirasimaj\/ru\/konum\/","title":{"rendered":"\u0440\u0430\u0441\u043f\u043e\u043b\u043e\u0436\u0435\u043d\u0438\u0435"},"content":{"rendered":"<div id=\"fws_69e21a41d7c4d\"  data-column-margin=\"default\" data-midnight=\"dark\"  class=\"wpb_row vc_row-fluid vc_row\"  style=\"padding-top: 45px; padding-bottom: 45px; \"><div class=\"row-bg-wrap\" data-bg-animation=\"none\" data-bg-overlay=\"false\"><div class=\"inner-wrap\"><div class=\"row-bg viewport-desktop\"  style=\"\"><\/div><\/div><\/div><div class=\"row_col_wrap_12 col span_12 dark left\">\n\t<div  class=\"vc_col-sm-8 wpb_column column_container vc_column_container col no-extra-padding inherit_tablet inherit_phone\"  data-padding-pos=\"all\" data-has-bg-color=\"false\" data-bg-color=\"\" data-bg-opacity=\"1\" data-animation=\"\" data-delay=\"0\" >\n\t\t<div class=\"vc_column-inner\" >\n\t\t\t<div class=\"wpb_wrapper\">\n\t\t\t\t<div class=\"img-with-aniamtion-wrap\" data-max-width=\"100%\" data-max-width-mobile=\"default\" data-shadow=\"none\" data-animation=\"fade-in\" >\n      <div class=\"inner\">\n        <div class=\"hover-wrap\"> \n          <div class=\"hover-wrap-inner\">\n            <img loading=\"lazy\" decoding=\"async\" class=\"img-with-animation skip-lazy\" data-delay=\"0\" height=\"1405\" width=\"2560\" data-animation=\"fade-in\" src=\"https:\/\/samirasyapi.com\/samirasimaj\/wp-content\/uploads\/2022\/08\/o\u0308zmen_harita-scaled.jpg\" alt=\"\" srcset=\"https:\/\/samirasyapi.com\/samirasimaj\/wp-content\/uploads\/2022\/08\/o\u0308zmen_harita-scaled.jpg 2560w, https:\/\/samirasyapi.com\/samirasimaj\/wp-content\/uploads\/2022\/08\/o\u0308zmen_harita-300x165.jpg 300w, https:\/\/samirasyapi.com\/samirasimaj\/wp-content\/uploads\/2022\/08\/o\u0308zmen_harita-1024x562.jpg 1024w, https:\/\/samirasyapi.com\/samirasimaj\/wp-content\/uploads\/2022\/08\/o\u0308zmen_harita-768x421.jpg 768w, https:\/\/samirasyapi.com\/samirasimaj\/wp-content\/uploads\/2022\/08\/o\u0308zmen_harita-1536x843.jpg 1536w, https:\/\/samirasyapi.com\/samirasimaj\/wp-content\/uploads\/2022\/08\/o\u0308zmen_harita-2048x1124.jpg 2048w\" sizes=\"auto, (max-width: 2560px) 100vw, 2560px\" \/>\n          <\/div>\n        <\/div>\n      <\/div>\n    <\/div>\n\t\t\t<\/div> \n\t\t<\/div>\n\t<\/div> \n\n\t<div  class=\"vc_col-sm-4 wpb_column column_container vc_column_container col no-extra-padding inherit_tablet inherit_phone\"  data-padding-pos=\"all\" data-has-bg-color=\"false\" data-bg-color=\"\" data-bg-opacity=\"1\" data-animation=\"\" data-delay=\"0\" >\n\t\t<div class=\"vc_column-inner\" >\n\t\t\t<div class=\"wpb_wrapper\">\n\t\t\t\t\n<div class=\"wpb_text_column wpb_content_element\" >\n\t<div class=\"wpb_wrapper\">\n\t\t<h5>\u043b\u0443\u0447\u0448\u0435\u0435 \u0440\u0430\u0441\u043f\u043e\u043b\u043e\u0436\u0435\u043d\u0438\u0435<\/h5>\n\t<\/div>\n<\/div>\n\n\n\n\n<div class=\"wpb_text_column wpb_content_element\" >\n\t<div class=\"wpb_wrapper\">\n\t\t<h2 style=\"color: #068417;\">\u0441\u0430\u043c\u0430\u044f \u0432\u044b\u0433\u043e\u0434\u043d\u0430\u044f<br \/>\n\u043b\u043e\u043a\u0430\u0446\u0438\u044f<\/h2>\n\t<\/div>\n<\/div>\n\n\n\n<div class=\"divider-wrap\" data-alignment=\"default\"><div style=\"height: 5px;\" class=\"divider\"><\/div><\/div>\n<div class=\"wpb_text_column wpb_content_element\" >\n\t<div class=\"wpb_wrapper\">\n\t\t<div class=\"page\" title=\"Page 25\">\n<div class=\"layoutArea\">\n<div class=\"column\">\n<p>\u0427\u0435\u0448\u043c\u0435\u043b\u0438 \u2013 \u043c\u0438\u043b\u044b\u0439 \u043c\u0438\u043a\u0440\u043e\u0440\u0430\u0439\u043e\u043d, \u0440\u0430\u0441\u043f\u043e\u043b\u043e\u0436\u0435\u043d\u043d\u044b\u0439 \u0432 23 \u043a\u043c \u043e\u0442 \u041c\u0435\u0440\u0441\u0438\u043d\u0430 \u0438 \u0432 14 \u043a\u043c \u043e\u0442 \u0440\u0430\u0439\u043e\u043d\u0430 \u042d\u0440\u0434\u0435\u043c\u043b\u0438.<br \/>\n\u0411\u043b\u0430\u0433\u043e\u0434\u0430\u0440\u044f \u0441\u0432\u043e\u0435\u0439 \u0431\u043b\u0438\u0437\u043e\u0441\u0442\u0438 \u0432 \u0410\u0432\u0442\u043e\u0431\u0430\u043d\u0443 \u041c\u0435\u0440\u0441\u0438\u043d, \u0427\u0435\u0448\u043c\u0435\u043b\u0438 \u044f\u0432\u043b\u044f\u0435\u0442\u0441\u044f \u0441\u0430\u043c\u044b\u043c \u043f\u043e\u043f\u0443\u043b\u044f\u0440\u043d\u044b\u043c \u043c\u0435\u0441\u0442\u043e\u043c \u043b\u0435\u0442\u043d\u0438\u0445 \u0440\u0435\u0437\u0438\u0434\u0435\u043d\u0446\u0438\u0439.<br \/>\n\u0412\u044b \u0441\u043c\u043e\u0436\u0435\u0442\u0435 \u0434\u043e\u0431\u0440\u0430\u0442\u044c\u0441\u044f \u0434\u043e \u0437\u0435\u043b\u0451\u043d\u044b\u0445  \u0434\u043e\u043b\u0438\u043d \u041c\u0435\u0440\u0441\u0438\u043d\u0430, \u042d\u0440\u0434\u0435\u043c\u043b\u0438 \u0438 \u0442\u0443\u0440\u0438\u0441\u0442\u0438\u0447\u0435\u0441\u043a\u0438\u0445 \u043c\u0435\u0441\u0442 \u0432 \u0441\u0440\u0435\u0434\u043d\u0435\u043c \u0437\u0430 15 \u043c\u0438\u043d\u0443\u0442.<br \/>\n\u0420\u0430\u0441\u043f\u043e\u043b\u043e\u0436\u0435\u043d\u043d\u044b\u0439 \u0432\u0441\u0435\u0433\u043e \u0432 2 \u043c\u0438\u043d\u0443\u0442\u0430\u0445 \u043e\u0442 \u043c\u043e\u0440\u044f \u0436\u0438\u043b\u043e\u0439 \u043a\u043e\u043c\u043f\u043b\u0435\u043a\u0441 \u0421\u0430\u043c\u0438\u0440\u0430\u0441 \u043e\u0431\u044a\u0435\u0434\u0438\u043d\u0451\u043d\u043d\u043e\u0439 \u043a\u043e\u043c\u043f\u0430\u043d\u0438\u0438 \u041e\u0437\u043c\u0435\u043d \u0413\u043b\u043e\u0431\u0430\u043b \u0436\u0434\u0451\u0442 \u0432\u0430\u0441 \u0441\u043e \u0432\u0441\u0435\u043c\u0438 \u0441\u0432\u043e\u0438\u043c\u0438 \u043f\u0440\u0435\u0438\u043c\u0443\u0449\u0435\u0441\u0442\u0432\u0430\u043c\u0438.<\/p>\n<div class=\"page\" title=\"Page 25\">\n<div class=\"layoutArea\">\n<div class=\"column\">\n<p><strong>\u043a\u043e\u043d\u0442\u0430\u043a\u0442\u044b<\/strong><\/p>\n<p>\u0440\u0430\u0439\u043e\u043d \u0427\u0435\u0448\u043c\u0435\u043b\u0438, \u041f\u043b\u044f\u0436 46 \u0410\/1 \u042d\u0440\u0434\u0435\u043c\u043b\u0438 \u2013 \u041c\u0435\u0440\u0441\u0438\u043d<br \/>\n+90 533 240 99 99<\/p>\n<\/div>\n<\/div>\n<\/div>\n<\/div>\n<\/div>\n<\/div>\n\t<\/div>\n<\/div>\n\n\n\n\n\t\t\t<\/div> \n\t\t<\/div>\n\t<\/div> \n<\/div><\/div>","protected":false},"excerpt":{"rendered":"EN \u0130Y\u0130 KONUM EN KAZAN\u00c7LI MESAFE C\u0327es\u0327meli, Mersin\u2019e 23 km, Erdemli ilc\u0327esine 14Km mesafesi olan \u015firin bir mahalledir. Mersin Otoban\u2019\u0131na giris\u0327 c\u0327\u0131k\u0131s\u0327\u0131 yak\u0131nl\u0131g\u0306\u0131yla bilinen C\u0327es\u0327meli, yazl\u0131kc\u0327\u0131lar\u0131n en go\u0308zde ug\u0306rak yeridir....","protected":false},"author":1,"featured_media":0,"parent":0,"menu_order":0,"comment_status":"closed","ping_status":"closed","template":"","meta":{"footnotes":""},"class_list":["post-731","page","type-page","status-publish"],"_links":{"self":[{"href":"https:\/\/samirasyapi.com\/samirasimaj\/ru\/wp-json\/wp\/v2\/pages\/731","targetHints":{"allow":["GET"]}}],"collection":[{"href":"https:\/\/samirasyapi.com\/samirasimaj\/ru\/wp-json\/wp\/v2\/pages"}],"about":[{"href":"https:\/\/samirasyapi.com\/samirasimaj\/ru\/wp-json\/wp\/v2\/types\/page"}],"author":[{"embeddable":true,"href":"https:\/\/samirasyapi.com\/samirasimaj\/ru\/wp-json\/wp\/v2\/users\/1"}],"replies":[{"embeddable":true,"href":"https:\/\/samirasyapi.com\/samirasimaj\/ru\/wp-json\/wp\/v2\/comments?post=731"}],"version-history":[{"count":7,"href":"https:\/\/samirasyapi.com\/samirasimaj\/ru\/wp-json\/wp\/v2\/pages\/731\/revisions"}],"predecessor-version":[{"id":796,"href":"https:\/\/samirasyapi.com\/samirasimaj\/ru\/wp-json\/wp\/v2\/pages\/731\/revisions\/796"}],"wp:attachment":[{"href":"https:\/\/samirasyapi.com\/samirasimaj\/ru\/wp-json\/wp\/v2\/media?parent=731"}],"curies":[{"name":"wp","href":"https:\/\/api.w.org\/{rel}","templated":true}]}}