{"id":731,"date":"2022-08-01T12:00:16","date_gmt":"2022-08-01T09:00:16","guid":{"rendered":"https:\/\/samiras.com.tr\/?page_id=731"},"modified":"2022-10-05T14:14:50","modified_gmt":"2022-10-05T11:14:50","slug":"konum","status":"publish","type":"page","link":"https:\/\/samirasyapi.com\/samirasimaj\/konum\/","title":{"rendered":"Konum"},"content":{"rendered":"\n\t\t<div id=\"fws_69e1f726123b9\"  data-column-margin=\"default\" data-midnight=\"dark\"  class=\"wpb_row vc_row-fluid vc_row\"  style=\"padding-top: 45px; padding-bottom: 45px; \"><div class=\"row-bg-wrap\" data-bg-animation=\"none\" data-bg-overlay=\"false\"><div class=\"inner-wrap\"><div class=\"row-bg viewport-desktop\"  style=\"\"><\/div><\/div><\/div><div class=\"row_col_wrap_12 col span_12 dark left\">\n\t<div  class=\"vc_col-sm-8 wpb_column column_container vc_column_container col no-extra-padding inherit_tablet inherit_phone \"  data-padding-pos=\"all\" data-has-bg-color=\"false\" data-bg-color=\"\" data-bg-opacity=\"1\" data-animation=\"\" data-delay=\"0\" >\n\t\t<div class=\"vc_column-inner\" >\n\t\t\t<div class=\"wpb_wrapper\">\n\t\t\t\t<div class=\"img-with-aniamtion-wrap \" data-max-width=\"100%\" data-max-width-mobile=\"default\" data-shadow=\"none\" data-animation=\"fade-in\" >\n      <div class=\"inner\">\n        <div class=\"hover-wrap\"> \n          <div class=\"hover-wrap-inner\">\n            <img loading=\"lazy\" decoding=\"async\" class=\"img-with-animation skip-lazy \" data-delay=\"0\" height=\"1405\" width=\"2560\" data-animation=\"fade-in\" src=\"https:\/\/samirasyapi.com\/samirasimaj\/wp-content\/uploads\/2022\/08\/o\u0308zmen_harita-scaled.jpg\" alt=\"\" srcset=\"https:\/\/samirasyapi.com\/samirasimaj\/wp-content\/uploads\/2022\/08\/o\u0308zmen_harita-scaled.jpg 2560w, https:\/\/samirasyapi.com\/samirasimaj\/wp-content\/uploads\/2022\/08\/o\u0308zmen_harita-300x165.jpg 300w, https:\/\/samirasyapi.com\/samirasimaj\/wp-content\/uploads\/2022\/08\/o\u0308zmen_harita-1024x562.jpg 1024w, https:\/\/samirasyapi.com\/samirasimaj\/wp-content\/uploads\/2022\/08\/o\u0308zmen_harita-768x421.jpg 768w, https:\/\/samirasyapi.com\/samirasimaj\/wp-content\/uploads\/2022\/08\/o\u0308zmen_harita-1536x843.jpg 1536w, https:\/\/samirasyapi.com\/samirasimaj\/wp-content\/uploads\/2022\/08\/o\u0308zmen_harita-2048x1124.jpg 2048w\" sizes=\"auto, (max-width: 2560px) 100vw, 2560px\" \/>\n          <\/div>\n        <\/div>\n      <\/div>\n    <\/div>\n\t\t\t<\/div> \n\t\t<\/div>\n\t<\/div> \n\n\t<div  class=\"vc_col-sm-4 wpb_column column_container vc_column_container col no-extra-padding inherit_tablet inherit_phone \"  data-padding-pos=\"all\" data-has-bg-color=\"false\" data-bg-color=\"\" data-bg-opacity=\"1\" data-animation=\"\" data-delay=\"0\" >\n\t\t<div class=\"vc_column-inner\" >\n\t\t\t<div class=\"wpb_wrapper\">\n\t\t\t\t\n<div class=\"wpb_text_column wpb_content_element \" >\n\t<div class=\"wpb_wrapper\">\n\t\t<h5>EN \u0130Y\u0130 KONUM<\/h5>\n\t<\/div>\n<\/div>\n\n\n\n\n<div class=\"wpb_text_column wpb_content_element \" >\n\t<div class=\"wpb_wrapper\">\n\t\t<h2 style=\"color: #068417;\">EN KAZAN\u00c7LI<br \/>\nMESAFE<\/h2>\n\t<\/div>\n<\/div>\n\n\n\n<div class=\"divider-wrap\" data-alignment=\"default\"><div style=\"height: 5px;\" class=\"divider\"><\/div><\/div>\n<div class=\"wpb_text_column wpb_content_element \" >\n\t<div class=\"wpb_wrapper\">\n\t\t<div class=\"page\" title=\"Page 25\">\n<div class=\"layoutArea\">\n<div class=\"column\">\n<p>C\u0327es\u0327meli, Mersin\u2019e 23 km, Erdemli ilc\u0327esine 14Km mesafesi olan \u015firin bir mahalledir.<br \/>\nMersin Otoban\u2019\u0131na giris\u0327 c\u0327\u0131k\u0131s\u0327\u0131 yak\u0131nl\u0131g\u0306\u0131yla bilinen C\u0327es\u0327meli, yazl\u0131kc\u0327\u0131lar\u0131n en go\u0308zde ug\u0306rak yeridir.<br \/>\nMersin\u2019e, Erdemli yaylalar\u0131na, turistik mekanlara ortalama 15 dk su\u0308rede gidebileceksiniz.<br \/>\nDenize ula\u015f\u0131m mesafeniz ise sadece 2 dk. O\u0308zmen Global markas\u0131 olan Samiras, tu\u0308m avantajlar\u0131yla sizleri bekliyor!<\/p>\n<div class=\"page\" title=\"Page 25\">\n<div class=\"layoutArea\">\n<div class=\"column\">\n<p><strong>I\u0307LETI\u0307\u015eI\u0307M<\/strong><\/p>\n<p>C\u0327es\u0327meli Mah. Plaj 46 A\/1 Erdemli \/ MERSI\u0307N<br \/>\n+90 533 240 99 99<\/p>\n<\/div>\n<\/div>\n<\/div>\n<\/div>\n<\/div>\n<\/div>\n\t<\/div>\n<\/div>\n\n\n\n\n\t\t\t<\/div> \n\t\t<\/div>\n\t<\/div> \n<\/div><\/div>\n","protected":false},"excerpt":{"rendered":"EN \u0130Y\u0130 KONUM EN KAZAN\u00c7LI MESAFE C\u0327es\u0327meli, Mersin\u2019e 23 km, Erdemli ilc\u0327esine 14Km mesafesi olan \u015firin bir mahalledir. Mersin Otoban\u2019\u0131na giris\u0327 c\u0327\u0131k\u0131s\u0327\u0131 yak\u0131nl\u0131g\u0306\u0131yla bilinen C\u0327es\u0327meli, yazl\u0131kc\u0327\u0131lar\u0131n en go\u0308zde ug\u0306rak yeridir....","protected":false},"author":1,"featured_media":0,"parent":0,"menu_order":0,"comment_status":"closed","ping_status":"closed","template":"","meta":{"footnotes":""},"class_list":["post-731","page","type-page","status-publish"],"_links":{"self":[{"href":"https:\/\/samirasyapi.com\/samirasimaj\/wp-json\/wp\/v2\/pages\/731","targetHints":{"allow":["GET"]}}],"collection":[{"href":"https:\/\/samirasyapi.com\/samirasimaj\/wp-json\/wp\/v2\/pages"}],"about":[{"href":"https:\/\/samirasyapi.com\/samirasimaj\/wp-json\/wp\/v2\/types\/page"}],"author":[{"embeddable":true,"href":"https:\/\/samirasyapi.com\/samirasimaj\/wp-json\/wp\/v2\/users\/1"}],"replies":[{"embeddable":true,"href":"https:\/\/samirasyapi.com\/samirasimaj\/wp-json\/wp\/v2\/comments?post=731"}],"version-history":[{"count":7,"href":"https:\/\/samirasyapi.com\/samirasimaj\/wp-json\/wp\/v2\/pages\/731\/revisions"}],"predecessor-version":[{"id":796,"href":"https:\/\/samirasyapi.com\/samirasimaj\/wp-json\/wp\/v2\/pages\/731\/revisions\/796"}],"wp:attachment":[{"href":"https:\/\/samirasyapi.com\/samirasimaj\/wp-json\/wp\/v2\/media?parent=731"}],"curies":[{"name":"wp","href":"https:\/\/api.w.org\/{rel}","templated":true}]}}