{"id":9,"date":"2021-11-14T01:43:47","date_gmt":"2021-11-14T01:43:47","guid":{"rendered":"https:\/\/themenectar.com\/salient\/architect\/?page_id=9"},"modified":"2025-01-16T10:14:41","modified_gmt":"2025-01-16T07:14:41","slug":"proje-detaylari","status":"publish","type":"page","link":"https:\/\/samirasyapi.com\/samirasimaj\/proje-detaylari\/","title":{"rendered":"Proje Detaylar\u0131"},"content":{"rendered":"\n\t\t<div id=\"fws_69e21e01f40e4\"  data-column-margin=\"default\" data-midnight=\"dark\"  class=\"wpb_row vc_row-fluid vc_row\"  style=\"padding-top: 0px; padding-bottom: 0px; \"><div class=\"row-bg-wrap\" data-bg-animation=\"none\" data-bg-overlay=\"false\"><div class=\"inner-wrap\"><div class=\"row-bg viewport-desktop\"  style=\"\"><\/div><\/div><\/div><div class=\"row_col_wrap_12 col span_12 dark left\">\n\t<div  class=\"vc_col-sm-6 wpb_column column_container vc_column_container col no-extra-padding inherit_tablet inherit_phone \"  data-padding-pos=\"all\" data-has-bg-color=\"false\" data-bg-color=\"\" data-bg-opacity=\"1\" data-animation=\"\" data-delay=\"0\" >\n\t\t<div class=\"vc_column-inner\" >\n\t\t\t<div class=\"wpb_wrapper\">\n\t\t\t\t<div class=\"nectar-fancy-box using-img \" style=\"min-height: 300px\" data-style=\"hover_desc\" data-border-radius=\"default\" data-animation=\"\" data-bg-animation=\"long_zoom\" data-border=\"\" data-delay=\"\" data-alignment=\"left\" data-color=\"accent-color\" ><div class=\"box-bg\"  style=\"background-image: url('https:\/\/samirasyapi.com\/samirasimaj\/wp-content\/uploads\/2022\/07\/2.jpg'); \"><\/div><div class=\"inner\"><div class=\"heading-wrap\">\n<h3>1+1 Daire<\/h3>\n<p>Detayl\u0131 Bilgi &gt;&gt;<\/div><\/div>  <a  href=\"https:\/\/samirasyapi.com\/samirasimaj\/project\/11-daire\/\" class=\"box-link\"><\/a> <\/div>\n\t\t\t<\/div> \n\t\t<\/div>\n\t<\/div> \n\n\t<div  class=\"vc_col-sm-6 wpb_column column_container vc_column_container col no-extra-padding inherit_tablet inherit_phone \"  data-padding-pos=\"all\" data-has-bg-color=\"false\" data-bg-color=\"\" data-bg-opacity=\"1\" data-animation=\"\" data-delay=\"0\" >\n\t\t<div class=\"vc_column-inner\" >\n\t\t\t<div class=\"wpb_wrapper\">\n\t\t\t\t<div class=\"nectar-fancy-box using-img \" style=\"min-height: 300px\" data-style=\"hover_desc\" data-border-radius=\"default\" data-animation=\"\" data-bg-animation=\"long_zoom\" data-border=\"\" data-delay=\"\" data-alignment=\"left\" data-color=\"accent-color\" ><div class=\"box-bg\"  style=\"background-image: url('https:\/\/samirasyapi.com\/samirasimaj\/wp-content\/uploads\/2022\/07\/32-alt-kat0001-scaled-1.jpeg'); \"><\/div><div class=\"inner\"><div class=\"heading-wrap\">\n<h3>2+1 Daire<\/h3>\n<p>Detayl\u0131 Bilgi &gt;&gt;<\/div><\/div>  <a  href=\"https:\/\/samirasyapi.com\/samirasimaj\/project\/21-daire\/\" class=\"box-link\"><\/a> <\/div>\n\t\t\t<\/div> \n\t\t<\/div>\n\t<\/div> \n<\/div><\/div>\n\t\t<div id=\"fws_69e21e0200b41\"  data-column-margin=\"default\" data-midnight=\"dark\"  class=\"wpb_row vc_row-fluid vc_row\"  style=\"padding-top: 0px; padding-bottom: 0px; \"><div class=\"row-bg-wrap\" data-bg-animation=\"none\" data-bg-overlay=\"false\"><div class=\"inner-wrap\"><div class=\"row-bg viewport-desktop\"  style=\"\"><\/div><\/div><\/div><div class=\"row_col_wrap_12 col span_12 dark left\">\n\t<div  class=\"vc_col-sm-6 wpb_column column_container vc_column_container col no-extra-padding inherit_tablet inherit_phone \"  data-padding-pos=\"all\" data-has-bg-color=\"false\" data-bg-color=\"\" data-bg-opacity=\"1\" data-animation=\"\" data-delay=\"0\" >\n\t\t<div class=\"vc_column-inner\" >\n\t\t\t<div class=\"wpb_wrapper\">\n\t\t\t\t<div class=\"nectar-fancy-box using-img \" style=\"min-height: 300px\" data-style=\"hover_desc\" data-border-radius=\"default\" data-animation=\"\" data-bg-animation=\"long_zoom\" data-border=\"\" data-delay=\"\" data-alignment=\"left\" data-color=\"accent-color\" ><div class=\"box-bg\"  style=\"background-image: url('https:\/\/samirasyapi.com\/samirasimaj\/wp-content\/uploads\/2022\/07\/32-alt-kat0000-2048x1536-1.jpeg'); \"><\/div><div class=\"inner\"><div class=\"heading-wrap\">\n<h3>3+2 Daire<\/h3>\n<p>Detayl\u0131 Bilgi &gt;&gt;<\/div><\/div>  <a  href=\"https:\/\/samirasyapi.com\/samirasimaj\/project\/32-daire\/\" class=\"box-link\"><\/a> <\/div>\n\t\t\t<\/div> \n\t\t<\/div>\n\t<\/div> \n\n\t<div  class=\"vc_col-sm-6 wpb_column column_container vc_column_container col no-extra-padding inherit_tablet inherit_phone \"  data-padding-pos=\"all\" data-has-bg-color=\"false\" data-bg-color=\"\" data-bg-opacity=\"1\" data-animation=\"\" data-delay=\"0\" >\n\t\t<div class=\"vc_column-inner\" >\n\t\t\t<div class=\"wpb_wrapper\">\n\t\t\t\t<div class=\"nectar-fancy-box using-img \" style=\"min-height: 300px\" data-style=\"hover_desc\" data-border-radius=\"default\" data-animation=\"\" data-bg-animation=\"long_zoom\" data-border=\"\" data-delay=\"\" data-alignment=\"left\" data-color=\"accent-color\" ><div class=\"box-bg\"  style=\"background-image: url('https:\/\/samirasyapi.com\/samirasimaj\/wp-content\/uploads\/2022\/07\/WhatsApp-Image-2022-06-24-at-01.04.43-1.jpeg'); \"><\/div><div class=\"inner\"><div class=\"heading-wrap\">\n<h3>Genel Plan<\/h3>\n<p>Detayl\u0131 Bilgi &gt;&gt;<\/div><\/div>  <a  href=\"https:\/\/samirasyapi.com\/samirasimaj\/project\/genel-plan\/\" class=\"box-link\"><\/a> <\/div>\n\t\t\t<\/div> \n\t\t<\/div>\n\t<\/div> \n<\/div><\/div>\n\t\t<div id=\"fws_69e21e02017e3\"  data-column-margin=\"default\" data-midnight=\"dark\"  class=\"wpb_row vc_row-fluid vc_row full-width-section\"  style=\"padding-top: 50px; padding-bottom: 50px; \"><div class=\"row-bg-wrap\" data-bg-animation=\"none\" data-bg-overlay=\"false\"><div class=\"inner-wrap using-image\"><div class=\"row-bg viewport-desktop using-image\"  style=\"background-position: left top; background-repeat: no-repeat; \"><\/div><\/div><\/div><div class=\"row_col_wrap_12 col span_12 dark left\">\n\t<div  class=\"vc_col-sm-12 wpb_column column_container vc_column_container col no-extra-padding inherit_tablet inherit_phone \"  data-padding-pos=\"all\" data-has-bg-color=\"false\" data-bg-color=\"\" data-bg-opacity=\"1\" data-animation=\"\" data-delay=\"0\" >\n\t\t<div class=\"vc_column-inner\" >\n\t\t\t<div class=\"wpb_wrapper\">\n\t\t\t\t\n<div class=\"wpb_text_column wpb_content_element \" >\n\t<div class=\"wpb_wrapper\">\n\t\t<h2 style=\"color: #019278; text-align: center;\">Projelerimiz<\/h2>\n\t<\/div>\n<\/div>\n\n\n\n<div class=\"divider-wrap\" data-alignment=\"default\"><div style=\"height: 30px;\" class=\"divider\"><\/div><\/div><div id=\"fws_69e21e0201ba4\" data-midnight=\"\" data-column-margin=\"custom\" class=\"wpb_row vc_row-fluid vc_row inner_row\"  style=\"\"><div class=\"row-bg-wrap\"> <div class=\"row-bg\" ><\/div> <\/div><div class=\"row_col_wrap_12_inner col span_12  left\">\n\t<div  class=\"vc_col-sm-1\/5 wpb_column column_container vc_column_container col child_column centered-text no-extra-padding inherit_tablet inherit_phone \"   data-padding-pos=\"all\" data-has-bg-color=\"false\" data-bg-color=\"\" data-bg-opacity=\"1\" data-animation=\"\" data-delay=\"0\" >\n\t\t<div class=\"vc_column-inner\" >\n\t\t<div class=\"wpb_wrapper\">\n\t\t\t<div class=\"nectar-fancy-box using-img  min_height_phone_300px hover_o_opacity_0-5 o_opacity_0-9 hover_color_383838 \" data-n-parallax-bg=\"true\" data-parallax-speed=\"subtle\" style=\"min-height: 320px\" data-style=\"hover_desc\" data-border-radius=\"default\" data-animation=\"\" data-bg-animation=\"long_zoom\" data-border=\"\" data-delay=\"\" data-alignment=\"center\" data-color=\"extra-color-3\" ><div class=\"parallax-layer\"><div class=\"box-bg\"  style=\"background-image: url('https:\/\/samirasyapi.com\/samirasimaj\/wp-content\/uploads\/2024\/04\/begonana2-scaled-1.webp'); \"><\/div><\/div><div class=\"inner\"><div class=\"heading-wrap\"><img decoding=\"async\" style=\"max-width: 200px;\" class=\"fancy-box-custom-icon\" alt=\"\" src=\"https:\/\/samirasyapi.com\/samirasimaj\/wp-content\/uploads\/2024\/04\/begon-small-logo.webp\" \/><strong>E\u015fsiz Manzara ve Konfor<\/strong><\/div><div class=\"hover-content\">\u2018\u2019Begon Villa Kuyuluk\u2019\u2019 Do\u011fan\u0131n kalbinde, t\u00fcm l\u00fcks detaylara sahip olan projemiz 10 adet triplex ikiz villadan olu\u015fmaktad\u0131r.<\/div><\/div>  <a  href=\"https:\/\/samirasyapi.com\/begonvilla\/projemiz\/\" class=\"box-link\"><\/a> <\/div>\n\t\t<\/div> \n\t<\/div>\n\t<\/div> \n\n\t<div  class=\"vc_col-sm-1\/5 wpb_column column_container vc_column_container col child_column centered-text no-extra-padding inherit_tablet inherit_phone \"   data-padding-pos=\"all\" data-has-bg-color=\"false\" data-bg-color=\"\" data-bg-opacity=\"1\" data-animation=\"\" data-delay=\"0\" >\n\t\t<div class=\"vc_column-inner\" >\n\t\t<div class=\"wpb_wrapper\">\n\t\t\t<div class=\"nectar-fancy-box using-img  min_height_phone_300px hover_o_opacity_0-5 o_opacity_0-9 hover_color_383838 \" data-n-parallax-bg=\"true\" data-parallax-speed=\"subtle\" style=\"min-height: 320px\" data-style=\"hover_desc\" data-border-radius=\"default\" data-animation=\"\" data-bg-animation=\"long_zoom\" data-border=\"\" data-delay=\"\" data-alignment=\"center\" data-color=\"extra-color-3\" ><div class=\"parallax-layer\"><div class=\"box-bg\"  style=\"background-image: url('https:\/\/samirasyapi.com\/samirasimaj\/wp-content\/uploads\/2024\/04\/anna-slide-2-min.jpeg'); \"><\/div><\/div><div class=\"inner\"><div class=\"heading-wrap\"><img decoding=\"async\" style=\"max-width: 200px;\" class=\"fancy-box-custom-icon\" alt=\"\" src=\"https:\/\/samirasyapi.com\/samirasimaj\/wp-content\/uploads\/2024\/04\/anna-small-logo.webp\" \/><strong>Mersin&#8217;de An\u0131 Yakalay\u0131n<\/strong><\/div><div class=\"hover-content\">Anna Residence olarak \u00f6nceli\u011fimiz sadece ev de\u011fil, ya\u015fam konforu sa\u011flamak. Hayat\u0131n i\u00e7inden sorunlara yan\u0131t bulan Anna Residence\u2019ta d\u00fc\u015f\u00fcn\u00fclm\u00fc\u015f \u00e7ok\u00e7a detay var.<\/div><\/div>  <a  href=\"https:\/\/samirasyapi.com\/anna\/dairelerimiz\/\" class=\"box-link\"><\/a> <\/div>\n\t\t<\/div> \n\t<\/div>\n\t<\/div> \n\n\t<div  class=\"vc_col-sm-1\/5 wpb_column column_container vc_column_container col child_column centered-text no-extra-padding inherit_tablet inherit_phone \"   data-padding-pos=\"all\" data-has-bg-color=\"false\" data-bg-color=\"\" data-bg-opacity=\"1\" data-animation=\"\" data-delay=\"0\" >\n\t\t<div class=\"vc_column-inner\" >\n\t\t<div class=\"wpb_wrapper\">\n\t\t\t<div class=\"nectar-fancy-box using-img  min_height_phone_300px hover_o_opacity_0-5 o_opacity_0-9 hover_color_383838 \" data-n-parallax-bg=\"true\" data-parallax-speed=\"subtle\" style=\"min-height: 320px\" data-style=\"hover_desc\" data-border-radius=\"default\" data-animation=\"\" data-bg-animation=\"long_zoom\" data-border=\"\" data-delay=\"\" data-alignment=\"center\" data-color=\"extra-color-3\" ><div class=\"parallax-layer\"><div class=\"box-bg\"  style=\"background-image: url('https:\/\/samirasyapi.com\/samirasimaj\/wp-content\/uploads\/2024\/04\/wox-davultepe1-3.jpg'); \"><\/div><\/div><div class=\"inner\"><div class=\"heading-wrap\"><img decoding=\"async\" style=\"max-width: 200px;\" class=\"fancy-box-custom-icon\" alt=\"\" src=\"https:\/\/samirasyapi.com\/samirasimaj\/wp-content\/uploads\/2024\/04\/wox-small-logo.webp\" \/><strong>B\u00fcy\u00fcleyici Mimari<\/strong><\/div><div class=\"hover-content\">WOX Projesi olarak hem bugu\u0308n hem de gelecek ic\u0327in tasarlanm\u0131\u015f, yu\u0308ksek kaliteli ya\u015fam alanlar\u0131 in\u015fa ediyoruz ve projelerimizin alt\u0131na imzam\u0131z\u0131 atmaktan gurur duyuyoruz.<\/div><\/div>  <a  href=\"https:\/\/samirasyapi.com\/wox\/dairelerimiz\/\" class=\"box-link\"><\/a> <\/div>\n\t\t<\/div> \n\t<\/div>\n\t<\/div> \n\n\t<div  class=\"vc_col-sm-1\/5 wpb_column column_container vc_column_container col child_column centered-text no-extra-padding inherit_tablet inherit_phone \"   data-padding-pos=\"all\" data-has-bg-color=\"false\" data-bg-color=\"\" data-bg-opacity=\"1\" data-animation=\"\" data-delay=\"0\" >\n\t\t<div class=\"vc_column-inner\" >\n\t\t<div class=\"wpb_wrapper\">\n\t\t\t<div class=\"nectar-fancy-box using-img  min_height_phone_300px hover_o_opacity_0-5 o_opacity_0-9 hover_color_383838 \" data-n-parallax-bg=\"true\" data-parallax-speed=\"subtle\" style=\"min-height: 320px\" data-style=\"hover_desc\" data-border-radius=\"default\" data-animation=\"\" data-bg-animation=\"long_zoom\" data-border=\"\" data-delay=\"\" data-alignment=\"center\" data-color=\"extra-color-3\" ><div class=\"parallax-layer\"><div class=\"box-bg\"  style=\"background-image: url('https:\/\/samirasyapi.com\/samirasimaj\/wp-content\/uploads\/2024\/04\/final_render_a6.jpg'); \"><\/div><\/div><div class=\"inner\"><div class=\"heading-wrap\"><img decoding=\"async\" style=\"max-width: 200px;\" class=\"fancy-box-custom-icon\" alt=\"\" src=\"https:\/\/samirasyapi.com\/samirasimaj\/wp-content\/uploads\/2024\/04\/neo-small-logo.webp\" \/><strong>Nitelikli Estetik Ofisler<\/strong><\/div><div class=\"hover-content\">Yeni\u015fehir\u2019in merkezinde yu\u0308kselen Neo Samiras, modern is\u0327 du\u0308nyas\u0131n\u0131n kalbinde, nitelik ve estetik anlay\u0131s\u0327\u0131n\u0131 bir araya getiriyor.<\/div><\/div>  <a  href=\"https:\/\/samirasyapi.com\/neoyenisehir\/projemiz\/\" class=\"box-link\"><\/a> <\/div>\n\t\t<\/div> \n\t<\/div>\n\t<\/div> \n\n\t<div  class=\"vc_col-sm-1\/5 wpb_column column_container vc_column_container col child_column no-extra-padding inherit_tablet inherit_phone \"   data-padding-pos=\"all\" data-has-bg-color=\"false\" data-bg-color=\"\" data-bg-opacity=\"1\" data-animation=\"\" data-delay=\"0\" >\n\t\t<div class=\"vc_column-inner\" >\n\t\t<div class=\"wpb_wrapper\">\n\t\t\t<div class=\"nectar-fancy-box using-img  min_height_phone_300px hover_o_opacity_0-5 o_opacity_0-9 hover_color_383838 \" data-n-parallax-bg=\"true\" data-parallax-speed=\"subtle\" style=\"min-height: 320px\" data-style=\"hover_desc\" data-border-radius=\"default\" data-animation=\"\" data-bg-animation=\"long_zoom\" data-border=\"\" data-delay=\"\" data-alignment=\"center\" data-color=\"extra-color-3\" ><div class=\"parallax-layer\"><div class=\"box-bg\"  style=\"background-image: url('https:\/\/samirasyapi.com\/samirasimaj\/wp-content\/uploads\/2024\/07\/skysense-webs.webp'); \"><\/div><\/div><div class=\"inner\"><div class=\"heading-wrap\"><img decoding=\"async\" style=\"max-width: 200px;\" class=\"fancy-box-custom-icon\" alt=\"\" src=\"https:\/\/samirasyapi.com\/samirasimaj\/wp-content\/uploads\/2024\/07\/sense-small.webp\" \/><strong>\u015e\u0131k, ayr\u0131cal\u0131kl\u0131 ve modern<\/strong><\/div><div class=\"hover-content\">Mersin liman\u0131n\u0131n kar\u015f\u0131s\u0131nda, i\u015f hayat\u0131n\u0131z\u0131 daha prestijli bir noktada s\u00fcrd\u00fcrmek i\u00e7in m\u00fckemmel bir adres olan Sky Sence Office, modern mimarisi ve i\u015flevselli\u011fiyle dikkat \u00e7ekiyor.<\/div><\/div>  <a  href=\"https:\/\/samirasyapi.com\/skysense\/\" class=\"box-link\"><\/a> <\/div>\n\t\t<\/div> \n\t<\/div>\n\t<\/div> \n<\/div><\/div>\n\t\t\t<\/div> \n\t\t<\/div>\n\t<\/div> \n<\/div><\/div>\n","protected":false},"excerpt":{"rendered":"1+1 Daire Detayl\u0131 Bilgi &gt;&gt; 2+1 Daire Detayl\u0131 Bilgi &gt;&gt; 3+2 Daire Detayl\u0131 Bilgi &gt;&gt; Genel Plan Detayl\u0131 Bilgi &gt;&gt; Projelerimiz E\u015fsiz Manzara ve Konfor\u2018\u2019Begon Villa Kuyuluk\u2019\u2019 Do\u011fan\u0131n kalbinde, t\u00fcm...","protected":false},"author":1,"featured_media":0,"parent":0,"menu_order":0,"comment_status":"closed","ping_status":"closed","template":"","meta":{"footnotes":""},"class_list":["post-9","page","type-page","status-publish"],"_links":{"self":[{"href":"https:\/\/samirasyapi.com\/samirasimaj\/wp-json\/wp\/v2\/pages\/9","targetHints":{"allow":["GET"]}}],"collection":[{"href":"https:\/\/samirasyapi.com\/samirasimaj\/wp-json\/wp\/v2\/pages"}],"about":[{"href":"https:\/\/samirasyapi.com\/samirasimaj\/wp-json\/wp\/v2\/types\/page"}],"author":[{"embeddable":true,"href":"https:\/\/samirasyapi.com\/samirasimaj\/wp-json\/wp\/v2\/users\/1"}],"replies":[{"embeddable":true,"href":"https:\/\/samirasyapi.com\/samirasimaj\/wp-json\/wp\/v2\/comments?post=9"}],"version-history":[{"count":8,"href":"https:\/\/samirasyapi.com\/samirasimaj\/wp-json\/wp\/v2\/pages\/9\/revisions"}],"predecessor-version":[{"id":957,"href":"https:\/\/samirasyapi.com\/samirasimaj\/wp-json\/wp\/v2\/pages\/9\/revisions\/957"}],"wp:attachment":[{"href":"https:\/\/samirasyapi.com\/samirasimaj\/wp-json\/wp\/v2\/media?parent=9"}],"curies":[{"name":"wp","href":"https:\/\/api.w.org\/{rel}","templated":true}]}}