{"id":4823,"date":"2024-02-04T17:04:19","date_gmt":"2024-02-04T14:04:19","guid":{"rendered":"https:\/\/samiras.com.tr\/skysense\/?page_id=4823"},"modified":"2024-07-04T15:34:17","modified_gmt":"2024-07-04T12:34:17","slug":"projemiz","status":"publish","type":"page","link":"https:\/\/samirasyapi.com\/skysense\/projemiz\/","title":{"rendered":"Projemiz"},"content":{"rendered":"[vc_row type=&#8221;full_width_background&#8221; full_screen_row_position=&#8221;middle&#8221; column_margin=&#8221;default&#8221; column_direction=&#8221;default&#8221; column_direction_tablet=&#8221;default&#8221; column_direction_phone=&#8221;default&#8221; bg_image=&#8221;4734&#8243; bg_position=&#8221;left top&#8221; background_image_loading=&#8221;default&#8221; bg_repeat=&#8221;no-repeat&#8221; scene_position=&#8221;center&#8221; top_padding=&#8221;50&#8243; constrain_group_1=&#8221;yes&#8221; bottom_padding=&#8221;50&#8243; text_color=&#8221;dark&#8221; text_align=&#8221;left&#8221; row_border_radius=&#8221;none&#8221; row_border_radius_applies=&#8221;bg&#8221; overflow=&#8221;visible&#8221; overlay_strength=&#8221;0.3&#8243; gradient_direction=&#8221;left_to_right&#8221; shape_divider_position=&#8221;bottom&#8221; bg_image_animation=&#8221;none&#8221; gradient_type=&#8221;default&#8221; shape_type=&#8221;&#8221;][vc_column column_padding=&#8221;no-extra-padding&#8221; column_padding_tablet=&#8221;inherit&#8221; column_padding_phone=&#8221;inherit&#8221; column_padding_position=&#8221;all&#8221; column_element_direction_desktop=&#8221;default&#8221; column_element_spacing=&#8221;default&#8221; desktop_text_alignment=&#8221;default&#8221; tablet_text_alignment=&#8221;default&#8221; phone_text_alignment=&#8221;default&#8221; background_color_opacity=&#8221;1&#8243; background_hover_color_opacity=&#8221;1&#8243; column_backdrop_filter=&#8221;none&#8221; column_shadow=&#8221;none&#8221; column_border_radius=&#8221;none&#8221; column_link_target=&#8221;_self&#8221; column_position=&#8221;default&#8221; gradient_direction=&#8221;left_to_right&#8221; overlay_strength=&#8221;0.3&#8243; width=&#8221;1\/1&#8243; tablet_width_inherit=&#8221;default&#8221; animation_type=&#8221;default&#8221; bg_image_animation=&#8221;none&#8221; border_type=&#8221;simple&#8221; column_border_width=&#8221;none&#8221; column_border_style=&#8221;solid&#8221;][vc_row_inner column_margin=&#8221;default&#8221; column_direction=&#8221;default&#8221; column_direction_tablet=&#8221;default&#8221; column_direction_phone=&#8221;default&#8221; text_align=&#8221;left&#8221; row_position=&#8221;default&#8221; row_position_tablet=&#8221;inherit&#8221; row_position_phone=&#8221;inherit&#8221; overflow=&#8221;visible&#8221; pointer_events=&#8221;all&#8221;][vc_column_inner column_padding=&#8221;no-extra-padding&#8221; column_padding_tablet=&#8221;inherit&#8221; column_padding_phone=&#8221;inherit&#8221; column_padding_position=&#8221;all&#8221; column_element_direction_desktop=&#8221;default&#8221; column_element_spacing=&#8221;default&#8221; desktop_text_alignment=&#8221;default&#8221; tablet_text_alignment=&#8221;default&#8221; phone_text_alignment=&#8221;default&#8221; background_color_opacity=&#8221;1&#8243; background_hover_color_opacity=&#8221;1&#8243; column_backdrop_filter=&#8221;none&#8221; column_shadow=&#8221;none&#8221; column_border_radius=&#8221;none&#8221; column_link_target=&#8221;_self&#8221; overflow=&#8221;visible&#8221; gradient_direction=&#8221;left_to_right&#8221; overlay_strength=&#8221;0.3&#8243; width=&#8221;1\/2&#8243; tablet_width_inherit=&#8221;default&#8221; animation_type=&#8221;default&#8221; bg_image_animation=&#8221;none&#8221; border_type=&#8221;simple&#8221; column_border_width=&#8221;none&#8221; column_border_style=&#8221;solid&#8221;][vc_column_text css=&#8221;&#8221; text_direction=&#8221;default&#8221;]<strong>SKY SENSE OFFICE<\/strong>[\/vc_column_text][divider line_type=&#8221;No Line&#8221; custom_height=&#8221;10&#8243;][nectar_gradient_text heading_tag=&#8221;h3&#8243; color=&#8221;extra-color-gradient-1&#8243; gradient_direction=&#8221;diagonal&#8221; text=&#8221;\u015e\u0131k, ayr\u0131cal\u0131kl\u0131 ve modern&#8221;][divider line_type=&#8221;No Line&#8221; custom_height=&#8221;10&#8243;][vc_column_text css=&#8221;&#8221; text_direction=&#8221;default&#8221;]\n<p class=\"p1\">Mersin liman\u0131n\u0131n kar\u015f\u0131s\u0131nda, i\u015f hayat\u0131n\u0131z\u0131 daha prestijli bir noktada s\u00fcrd\u00fcrmek i\u00e7in m\u00fckemmel bir adres olan Sky Sence Office, modern mimarisi ve i\u015flevselli\u011fiyle dikkat \u00e7ekiyor. Tek bloklu ve 15 katl\u0131 yap\u0131s\u0131yla, i\u015f standartlar\u0131n\u0131z\u0131 y\u00fckseltmeyi ama\u00e7l\u0131yoruz.<\/p>\n<p class=\"p1\">\u0130\u00e7erisinde 38 adet mod\u00fcler ofis ve 5 adet d\u00fckkana yer veren SKY Sense Office, her katta \u00e7ift asans\u00f6r ile kolay eri\u015fimi sa\u011fl\u0131yor. Geni\u015f i\u00e7 yap\u0131s\u0131, i\u015f yeri sahiplerine ve m\u00fc\u015fterilere ferah bir \u00e7al\u0131\u015fma ortam\u0131 sunarken, modern tasar\u0131m\u0131yla g\u00f6z al\u0131c\u0131 bir estetik sunuyor.<\/p>\n[\/vc_column_text][\/vc_column_inner][vc_column_inner column_padding=&#8221;no-extra-padding&#8221; column_padding_tablet=&#8221;inherit&#8221; column_padding_phone=&#8221;inherit&#8221; column_padding_position=&#8221;all&#8221; column_element_direction_desktop=&#8221;default&#8221; column_element_spacing=&#8221;default&#8221; desktop_text_alignment=&#8221;default&#8221; tablet_text_alignment=&#8221;default&#8221; phone_text_alignment=&#8221;default&#8221; background_color_opacity=&#8221;1&#8243; background_hover_color_opacity=&#8221;1&#8243; video_bg=&#8221;use_video&#8221; video_mp4=&#8221;https:\/\/samiras.com.tr\/skysense\/wp-content\/uploads\/2024\/02\/acm4.mp4&#8243; background_video_loading=&#8221;default&#8221; column_backdrop_filter=&#8221;none&#8221; column_shadow=&#8221;none&#8221; column_border_radius=&#8221;none&#8221; column_link_target=&#8221;_self&#8221; overflow=&#8221;visible&#8221; gradient_direction=&#8221;left_to_right&#8221; overlay_strength=&#8221;0.3&#8243; width=&#8221;1\/2&#8243; tablet_width_inherit=&#8221;default&#8221; animation_type=&#8221;default&#8221; bg_image_animation=&#8221;none&#8221; border_type=&#8221;simple&#8221; column_border_width=&#8221;none&#8221; column_border_style=&#8221;solid&#8221; column_padding_type=&#8221;default&#8221; gradient_type=&#8221;default&#8221;][image_with_animation image_url=&#8221;5032&#8243; image_size=&#8221;full&#8221; animation_type=&#8221;entrance&#8221; animation=&#8221;None&#8221; animation_movement_type=&#8221;transform_y&#8221; hover_animation=&#8221;none&#8221; alignment=&#8221;&#8221; border_radius=&#8221;none&#8221; box_shadow=&#8221;none&#8221; image_loading=&#8221;default&#8221; max_width=&#8221;100%&#8221; max_width_mobile=&#8221;default&#8221;][\/vc_column_inner][\/vc_row_inner][vc_gallery css=&#8221;&#8221; type=&#8221;image_grid&#8221; images=&#8221;5028,5029,5030,5040,5039,5038,5037,5036,5035,5033,5032,5031,5042,5043,5044,5045,5046,5041,5047,5048&#8243; image_grid_loading=&#8221;default&#8221; layout=&#8221;3&#8243; item_spacing=&#8221;1px&#8221; gallery_style=&#8221;7&#8243; load_in_animation=&#8221;none&#8221;][\/vc_column][\/vc_row][vc_row type=&#8221;full_width_background&#8221; full_screen_row_position=&#8221;middle&#8221; column_margin=&#8221;default&#8221; column_direction=&#8221;default&#8221; column_direction_tablet=&#8221;default&#8221; column_direction_phone=&#8221;default&#8221; bg_image=&#8221;52&#8243; bg_position=&#8221;left top&#8221; background_image_loading=&#8221;default&#8221; bg_repeat=&#8221;no-repeat&#8221; scene_position=&#8221;center&#8221; top_padding=&#8221;50&#8243; constrain_group_1=&#8221;yes&#8221; bottom_padding=&#8221;50&#8243; text_color=&#8221;dark&#8221; text_align=&#8221;left&#8221; row_border_radius=&#8221;none&#8221; row_border_radius_applies=&#8221;bg&#8221; overflow=&#8221;visible&#8221; overlay_strength=&#8221;0.3&#8243; gradient_direction=&#8221;left_to_right&#8221; shape_divider_position=&#8221;bottom&#8221; bg_image_animation=&#8221;none&#8221; gradient_type=&#8221;default&#8221; shape_type=&#8221;&#8221;][vc_column column_padding=&#8221;no-extra-padding&#8221; column_padding_tablet=&#8221;inherit&#8221; column_padding_phone=&#8221;inherit&#8221; column_padding_position=&#8221;all&#8221; column_element_direction_desktop=&#8221;default&#8221; column_element_spacing=&#8221;default&#8221; desktop_text_alignment=&#8221;default&#8221; tablet_text_alignment=&#8221;default&#8221; phone_text_alignment=&#8221;default&#8221; background_color_opacity=&#8221;1&#8243; background_hover_color_opacity=&#8221;1&#8243; column_backdrop_filter=&#8221;none&#8221; column_shadow=&#8221;none&#8221; column_border_radius=&#8221;none&#8221; column_link_target=&#8221;_self&#8221; column_position=&#8221;default&#8221; gradient_direction=&#8221;left_to_right&#8221; overlay_strength=&#8221;0.3&#8243; width=&#8221;1\/1&#8243; tablet_width_inherit=&#8221;default&#8221; animation_type=&#8221;default&#8221; bg_image_animation=&#8221;none&#8221; border_type=&#8221;simple&#8221; column_border_width=&#8221;none&#8221; column_border_style=&#8221;solid&#8221;][vc_column_text text_direction=&#8221;default&#8221;]\n<h2 style=\"color: #019278; text-align: center;\">Projelerimiz<\/h2>\n[\/vc_column_text][divider line_type=&#8221;No Line&#8221; custom_height=&#8221;30&#8243;][vc_row_inner column_margin=&#8221;custom&#8221; column_margin_custom=&#8221;2&#8243; column_direction=&#8221;default&#8221; column_direction_tablet=&#8221;default&#8221; column_direction_phone=&#8221;default&#8221; text_align=&#8221;left&#8221; row_position=&#8221;default&#8221; row_position_tablet=&#8221;inherit&#8221; row_position_phone=&#8221;inherit&#8221; overflow=&#8221;visible&#8221; pointer_events=&#8221;all&#8221;][vc_column_inner column_padding=&#8221;no-extra-padding&#8221; column_padding_tablet=&#8221;inherit&#8221; column_padding_phone=&#8221;inherit&#8221; column_padding_position=&#8221;all&#8221; column_element_direction_desktop=&#8221;default&#8221; column_element_spacing=&#8221;default&#8221; centered_text=&#8221;true&#8221; desktop_text_alignment=&#8221;default&#8221; tablet_text_alignment=&#8221;default&#8221; phone_text_alignment=&#8221;default&#8221; background_color_opacity=&#8221;1&#8243; background_hover_color_opacity=&#8221;1&#8243; column_backdrop_filter=&#8221;none&#8221; column_shadow=&#8221;none&#8221; column_border_radius=&#8221;none&#8221; column_link_target=&#8221;_self&#8221; overflow=&#8221;visible&#8221; gradient_direction=&#8221;left_to_right&#8221; overlay_strength=&#8221;0.3&#8243; width=&#8221;1\/5&#8243; tablet_width_inherit=&#8221;default&#8221; animation_type=&#8221;default&#8221; bg_image_animation=&#8221;none&#8221; border_type=&#8221;simple&#8221; column_border_width=&#8221;none&#8221; column_border_style=&#8221;solid&#8221; column_padding_type=&#8221;default&#8221; gradient_type=&#8221;default&#8221;][fancy_box box_style=&#8221;hover_desc&#8221; icon_family=&#8221;custom&#8221; custom_icon_image=&#8221;5130&#8243; image_url=&#8221;5131&#8243; hover_color=&#8221;extra-color-3&#8243; hover_color_custom=&#8221;#383838&#8243; hover_desc_color_opacity=&#8221;0.9&#8243; hover_desc_hover_overlay_opacity=&#8221;0.5&#8243; bg_parallax=&#8221;true&#8221; icon_position=&#8221;bottom&#8221; box_alignment=&#8221;center&#8221; hover_desc_bg_animation=&#8221;long_zoom&#8221; border_radius=&#8221;default&#8221; image_loading=&#8221;default&#8221; icon_size=&#8221;200&#8243; hover_content=&#8221;Samiras \u0130maj \u00c7e\u015fmeli, modern ve minimal ya\u015fam i\u00e7in geli\u015ftirdi\u011fi 1+1, 2+1, 3+2 dubleks daire se\u00e7enekleriyle konut anlay\u0131\u015f\u0131n\u0131za yeni bir bak\u0131\u015f getiriyor.&#8221; min_height=&#8221;320&#8243; link_url=&#8221;https:\/\/samiras.com.tr\/samirasimaj\/proje-detaylari\/&#8221; min_height_phone=&#8221;300&#8243;]<strong>\u00d6m\u00fcr Boyu Tatil<\/strong>[\/fancy_box][\/vc_column_inner][vc_column_inner column_padding=&#8221;no-extra-padding&#8221; column_padding_tablet=&#8221;inherit&#8221; column_padding_phone=&#8221;inherit&#8221; column_padding_position=&#8221;all&#8221; column_element_direction_desktop=&#8221;default&#8221; column_element_spacing=&#8221;default&#8221; centered_text=&#8221;true&#8221; desktop_text_alignment=&#8221;default&#8221; tablet_text_alignment=&#8221;default&#8221; phone_text_alignment=&#8221;default&#8221; background_color_opacity=&#8221;1&#8243; background_hover_color_opacity=&#8221;1&#8243; column_backdrop_filter=&#8221;none&#8221; column_shadow=&#8221;none&#8221; column_border_radius=&#8221;none&#8221; column_link_target=&#8221;_self&#8221; overflow=&#8221;visible&#8221; gradient_direction=&#8221;left_to_right&#8221; overlay_strength=&#8221;0.3&#8243; width=&#8221;1\/5&#8243; tablet_width_inherit=&#8221;default&#8221; animation_type=&#8221;default&#8221; bg_image_animation=&#8221;none&#8221; border_type=&#8221;simple&#8221; column_border_width=&#8221;none&#8221; column_border_style=&#8221;solid&#8221; column_padding_type=&#8221;default&#8221; gradient_type=&#8221;default&#8221;][fancy_box box_style=&#8221;hover_desc&#8221; icon_family=&#8221;custom&#8221; custom_icon_image=&#8221;5134&#8243; image_url=&#8221;5133&#8243; hover_color=&#8221;extra-color-3&#8243; hover_color_custom=&#8221;#383838&#8243; hover_desc_color_opacity=&#8221;0.9&#8243; hover_desc_hover_overlay_opacity=&#8221;0.5&#8243; bg_parallax=&#8221;true&#8221; icon_position=&#8221;bottom&#8221; box_alignment=&#8221;center&#8221; hover_desc_bg_animation=&#8221;long_zoom&#8221; border_radius=&#8221;default&#8221; image_loading=&#8221;default&#8221; icon_size=&#8221;200&#8243; hover_content=&#8221;Anna Residence olarak \u00f6nceli\u011fimiz sadece ev de\u011fil, ya\u015fam konforu sa\u011flamak. Hayat\u0131n i\u00e7inden sorunlara yan\u0131t bulan Anna Residence\u2019ta d\u00fc\u015f\u00fcn\u00fclm\u00fc\u015f \u00e7ok\u00e7a detay var.&#8221; min_height=&#8221;320&#8243; link_url=&#8221;https:\/\/samiras.com.tr\/anna\/dairelerimiz\/&#8221; min_height_phone=&#8221;300&#8243;]<strong>Mersin&#8217;de An\u0131 Yakalay\u0131n<\/strong>[\/fancy_box][\/vc_column_inner][vc_column_inner column_padding=&#8221;no-extra-padding&#8221; column_padding_tablet=&#8221;inherit&#8221; column_padding_phone=&#8221;inherit&#8221; column_padding_position=&#8221;all&#8221; column_element_direction_desktop=&#8221;default&#8221; column_element_spacing=&#8221;default&#8221; centered_text=&#8221;true&#8221; desktop_text_alignment=&#8221;default&#8221; tablet_text_alignment=&#8221;default&#8221; phone_text_alignment=&#8221;default&#8221; background_color_opacity=&#8221;1&#8243; background_hover_color_opacity=&#8221;1&#8243; column_backdrop_filter=&#8221;none&#8221; column_shadow=&#8221;none&#8221; column_border_radius=&#8221;none&#8221; column_link_target=&#8221;_self&#8221; overflow=&#8221;visible&#8221; gradient_direction=&#8221;left_to_right&#8221; overlay_strength=&#8221;0.3&#8243; width=&#8221;1\/5&#8243; tablet_width_inherit=&#8221;default&#8221; animation_type=&#8221;default&#8221; bg_image_animation=&#8221;none&#8221; border_type=&#8221;simple&#8221; column_border_width=&#8221;none&#8221; column_border_style=&#8221;solid&#8221; column_padding_type=&#8221;default&#8221; gradient_type=&#8221;default&#8221;][fancy_box box_style=&#8221;hover_desc&#8221; icon_family=&#8221;custom&#8221; custom_icon_image=&#8221;5136&#8243; image_url=&#8221;5137&#8243; hover_color=&#8221;extra-color-3&#8243; hover_color_custom=&#8221;#383838&#8243; hover_desc_color_opacity=&#8221;0.9&#8243; hover_desc_hover_overlay_opacity=&#8221;0.5&#8243; bg_parallax=&#8221;true&#8221; icon_position=&#8221;bottom&#8221; box_alignment=&#8221;center&#8221; hover_desc_bg_animation=&#8221;long_zoom&#8221; border_radius=&#8221;default&#8221; image_loading=&#8221;default&#8221; icon_size=&#8221;200&#8243; hover_content=&#8221;WOX Projesi olarak hem bugu\u0308n hem de gelecek ic\u0327in tasarlanm\u0131\u015f, yu\u0308ksek kaliteli ya\u015fam alanlar\u0131 in\u015fa ediyoruz ve projelerimizin alt\u0131na imzam\u0131z\u0131 atmaktan gurur duyuyoruz.&#8221; min_height=&#8221;320&#8243; link_url=&#8221;https:\/\/samiras.com.tr\/wox\/dairelerimiz\/&#8221; min_height_phone=&#8221;300&#8243;]<strong>B\u00fcy\u00fcleyici Mimari<\/strong>[\/fancy_box][\/vc_column_inner][vc_column_inner column_padding=&#8221;no-extra-padding&#8221; column_padding_tablet=&#8221;inherit&#8221; column_padding_phone=&#8221;inherit&#8221; column_padding_position=&#8221;all&#8221; column_element_direction_desktop=&#8221;default&#8221; column_element_spacing=&#8221;default&#8221; centered_text=&#8221;true&#8221; desktop_text_alignment=&#8221;default&#8221; tablet_text_alignment=&#8221;default&#8221; phone_text_alignment=&#8221;default&#8221; background_color_opacity=&#8221;1&#8243; background_hover_color_opacity=&#8221;1&#8243; column_backdrop_filter=&#8221;none&#8221; column_shadow=&#8221;none&#8221; column_border_radius=&#8221;none&#8221; column_link_target=&#8221;_self&#8221; overflow=&#8221;visible&#8221; gradient_direction=&#8221;left_to_right&#8221; overlay_strength=&#8221;0.3&#8243; width=&#8221;1\/5&#8243; tablet_width_inherit=&#8221;default&#8221; animation_type=&#8221;default&#8221; bg_image_animation=&#8221;none&#8221; border_type=&#8221;simple&#8221; column_border_width=&#8221;none&#8221; column_border_style=&#8221;solid&#8221; column_padding_type=&#8221;default&#8221; gradient_type=&#8221;default&#8221;][fancy_box box_style=&#8221;hover_desc&#8221; icon_family=&#8221;custom&#8221; custom_icon_image=&#8221;5139&#8243; image_url=&#8221;5140&#8243; hover_color=&#8221;extra-color-3&#8243; hover_color_custom=&#8221;#383838&#8243; hover_desc_color_opacity=&#8221;0.9&#8243; hover_desc_hover_overlay_opacity=&#8221;0.5&#8243; bg_parallax=&#8221;true&#8221; icon_position=&#8221;bottom&#8221; box_alignment=&#8221;center&#8221; hover_desc_bg_animation=&#8221;long_zoom&#8221; border_radius=&#8221;default&#8221; image_loading=&#8221;default&#8221; icon_size=&#8221;200&#8243; hover_content=&#8221;Yeni\u015fehir\u2019in merkezinde yu\u0308kselen Neo Samiras, modern is\u0327 du\u0308nyas\u0131n\u0131n kalbinde, nitelik ve estetik anlay\u0131s\u0327\u0131n\u0131 bir araya getiriyor.&#8221; min_height=&#8221;320&#8243; link_url=&#8221;https:\/\/samiras.com.tr\/neoyenisehir\/projemiz\/&#8221; min_height_phone=&#8221;300&#8243;]<strong>Nitelikli Estetik Ofisler<\/strong>[\/fancy_box][\/vc_column_inner][vc_column_inner column_padding=&#8221;no-extra-padding&#8221; column_padding_tablet=&#8221;inherit&#8221; column_padding_phone=&#8221;inherit&#8221; column_padding_position=&#8221;all&#8221; column_element_direction_desktop=&#8221;default&#8221; column_element_spacing=&#8221;default&#8221; desktop_text_alignment=&#8221;default&#8221; tablet_text_alignment=&#8221;default&#8221; phone_text_alignment=&#8221;default&#8221; background_color_opacity=&#8221;1&#8243; background_hover_color_opacity=&#8221;1&#8243; column_backdrop_filter=&#8221;none&#8221; column_shadow=&#8221;none&#8221; column_border_radius=&#8221;none&#8221; column_link_target=&#8221;_self&#8221; overflow=&#8221;visible&#8221; gradient_direction=&#8221;left_to_right&#8221; overlay_strength=&#8221;0.3&#8243; width=&#8221;1\/5&#8243; tablet_width_inherit=&#8221;default&#8221; animation_type=&#8221;default&#8221; bg_image_animation=&#8221;none&#8221; border_type=&#8221;simple&#8221; column_border_width=&#8221;none&#8221; column_border_style=&#8221;solid&#8221;][fancy_box box_style=&#8221;hover_desc&#8221; icon_family=&#8221;custom&#8221; custom_icon_image=&#8221;5143&#8243; image_url=&#8221;5142&#8243; hover_color=&#8221;extra-color-3&#8243; hover_color_custom=&#8221;#383838&#8243; hover_desc_color_opacity=&#8221;0.9&#8243; hover_desc_hover_overlay_opacity=&#8221;0.5&#8243; bg_parallax=&#8221;true&#8221; icon_position=&#8221;bottom&#8221; box_alignment=&#8221;center&#8221; hover_desc_bg_animation=&#8221;long_zoom&#8221; border_radius=&#8221;default&#8221; image_loading=&#8221;default&#8221; icon_size=&#8221;200&#8243; hover_content=&#8221;\u2018\u2019Begon Villa Kuyuluk\u2019\u2019 Do\u011fan\u0131n kalbinde, t\u00fcm l\u00fcks detaylara sahip olan projemiz 10 adet triplex ikiz villadan olu\u015fmaktad\u0131r.&#8221; min_height=&#8221;320&#8243; link_url=&#8221;https:\/\/samiras.com.tr\/begonvilla\/projemiz\/&#8221; min_height_phone=&#8221;300&#8243;]<strong>E\u015fsiz Manzara ve Konfor<\/strong>[\/fancy_box][\/vc_column_inner][\/vc_row_inner][\/vc_column][\/vc_row]\n","protected":false},"excerpt":{"rendered":"<p>[vc_row type=&#8221;full_width_background&#8221; full_screen_row_position=&#8221;middle&#8221; column_margin=&#8221;default&#8221; column_direction=&#8221;default&#8221; column_direction_tablet=&#8221;default&#8221; column_direction_phone=&#8221;default&#8221; bg_image=&#8221;4734&#8243; bg_position=&#8221;left top&#8221; background_image_loading=&#8221;default&#8221; bg_repeat=&#8221;no-repeat&#8221; scene_position=&#8221;center&#8221; top_padding=&#8221;50&#8243; constrain_group_1=&#8221;yes&#8221; bottom_padding=&#8221;50&#8243; text_color=&#8221;dark&#8221; text_align=&#8221;left&#8221; row_border_radius=&#8221;none&#8221; row_border_radius_applies=&#8221;bg&#8221; overflow=&#8221;visible&#8221; overlay_strength=&#8221;0.3&#8243; gradient_direction=&#8221;left_to_right&#8221; shape_divider_position=&#8221;bottom&#8221; bg_image_animation=&#8221;none&#8221; gradient_type=&#8221;default&#8221; shape_type=&#8221;&#8221;][vc_column column_padding=&#8221;no-extra-padding&#8221; column_padding_tablet=&#8221;inherit&#8221; column_padding_phone=&#8221;inherit&#8221;&#8230;<\/p>\n","protected":false},"author":1,"featured_media":0,"parent":0,"menu_order":0,"comment_status":"closed","ping_status":"open","template":"","meta":{"footnotes":""},"class_list":["post-4823","page","type-page","status-publish"],"_links":{"self":[{"href":"https:\/\/samirasyapi.com\/skysense\/wp-json\/wp\/v2\/pages\/4823","targetHints":{"allow":["GET"]}}],"collection":[{"href":"https:\/\/samirasyapi.com\/skysense\/wp-json\/wp\/v2\/pages"}],"about":[{"href":"https:\/\/samirasyapi.com\/skysense\/wp-json\/wp\/v2\/types\/page"}],"author":[{"embeddable":true,"href":"https:\/\/samirasyapi.com\/skysense\/wp-json\/wp\/v2\/users\/1"}],"replies":[{"embeddable":true,"href":"https:\/\/samirasyapi.com\/skysense\/wp-json\/wp\/v2\/comments?post=4823"}],"version-history":[{"count":11,"href":"https:\/\/samirasyapi.com\/skysense\/wp-json\/wp\/v2\/pages\/4823\/revisions"}],"predecessor-version":[{"id":5144,"href":"https:\/\/samirasyapi.com\/skysense\/wp-json\/wp\/v2\/pages\/4823\/revisions\/5144"}],"wp:attachment":[{"href":"https:\/\/samirasyapi.com\/skysense\/wp-json\/wp\/v2\/media?parent=4823"}],"curies":[{"name":"wp","href":"https:\/\/api.w.org\/{rel}","templated":true}]}}